{"id":2182,"date":"2022-10-19T16:00:04","date_gmt":"2022-10-19T14:00:04","guid":{"rendered":"https:\/\/rdh-taxi.fr\/?page_id=2182"},"modified":"2022-10-20T10:52:08","modified_gmt":"2022-10-20T08:52:08","slug":"elementor-2182","status":"publish","type":"page","link":"https:\/\/rdh-taxi.fr\/?page_id=2182","title":{"rendered":"Taxi \u00e0 Ambilly pour toutes distances 24h\/24 et 7j\/7"},"content":{"rendered":"\t\t<div data-elementor-type=\"wp-page\" data-elementor-id=\"2182\" class=\"elementor elementor-2182\">\n\t\t\t\t\t\t\t\t\t<section class=\"elementor-section elementor-top-section elementor-element elementor-element-ce3ba06 elementor-section-boxed elementor-section-height-default elementor-section-height-default\" data-id=\"ce3ba06\" data-element_type=\"section\">\n\t\t\t\t\t\t<div class=\"elementor-container elementor-column-gap-default\">\n\t\t\t\t\t<div class=\"elementor-column elementor-col-100 elementor-top-column elementor-element elementor-element-ae4d30b\" data-id=\"ae4d30b\" data-element_type=\"column\">\n\t\t\t<div class=\"elementor-widget-wrap elementor-element-populated\">\n\t\t\t\t\t\t\t\t<div class=\"elementor-element elementor-element-67e4c40 elementor-widget elementor-widget-menu-anchor\" data-id=\"67e4c40\" data-element_type=\"widget\" data-widget_type=\"menu-anchor.default\">\n\t\t\t\t<div class=\"elementor-widget-container\">\n\t\t\t<style>\/*! elementor - v3.14.0 - 26-06-2023 *\/\nbody.elementor-page .elementor-widget-menu-anchor{margin-bottom:0}<\/style>\t\t<div id=\"ambilly\" class=\"elementor-menu-anchor\"><\/div>\n\t\t\t\t<\/div>\n\t\t\t\t<\/div>\n\t\t\t\t<div class=\"elementor-element elementor-element-c209b61 elementor-widget elementor-widget-image\" data-id=\"c209b61\" data-element_type=\"widget\" data-widget_type=\"image.default\">\n\t\t\t\t<div class=\"elementor-widget-container\">\n\t\t\t<style>\/*! elementor - v3.14.0 - 26-06-2023 *\/\n.elementor-widget-image{text-align:center}.elementor-widget-image a{display:inline-block}.elementor-widget-image a img[src$=\".svg\"]{width:48px}.elementor-widget-image img{vertical-align:middle;display:inline-block}<\/style>\t\t\t\t\t\t\t\t\t\t\t\t<img loading=\"lazy\" decoding=\"async\" width=\"525\" height=\"394\" src=\"https:\/\/rdh-taxi.fr\/wp-content\/uploads\/2022\/10\/Entre\u0301e_a\u0300_Ambilly-768x576.jpeg\" class=\"attachment-medium_large size-medium_large wp-image-2029\" alt=\"\" srcset=\"https:\/\/rdh-taxi.fr\/wp-content\/uploads\/2022\/10\/Entre\u0301e_a\u0300_Ambilly-768x576.jpeg 768w, https:\/\/rdh-taxi.fr\/wp-content\/uploads\/2022\/10\/Entre\u0301e_a\u0300_Ambilly-300x225.jpeg 300w, https:\/\/rdh-taxi.fr\/wp-content\/uploads\/2022\/10\/Entre\u0301e_a\u0300_Ambilly-1024x768.jpeg 1024w, https:\/\/rdh-taxi.fr\/wp-content\/uploads\/2022\/10\/Entre\u0301e_a\u0300_Ambilly-1536x1152.jpeg 1536w, https:\/\/rdh-taxi.fr\/wp-content\/uploads\/2022\/10\/Entre\u0301e_a\u0300_Ambilly-600x450.jpeg 600w, https:\/\/rdh-taxi.fr\/wp-content\/uploads\/2022\/10\/Entre\u0301e_a\u0300_Ambilly.jpeg 2048w\" sizes=\"auto, (max-width: 525px) 100vw, 525px\" \/>\t\t\t\t\t\t\t\t\t\t\t\t\t\t\t<\/div>\n\t\t\t\t<\/div>\n\t\t\t\t\t<\/div>\n\t\t<\/div>\n\t\t\t\t\t\t\t<\/div>\n\t\t<\/section>\n\t\t\t\t<section class=\"elementor-section elementor-top-section elementor-element elementor-element-775a5d0 elementor-section-boxed elementor-section-height-default elementor-section-height-default\" data-id=\"775a5d0\" data-element_type=\"section\">\n\t\t\t\t\t\t<div class=\"elementor-container elementor-column-gap-default\">\n\t\t\t\t\t<div class=\"elementor-column elementor-col-100 elementor-top-column elementor-element elementor-element-e627454\" data-id=\"e627454\" data-element_type=\"column\">\n\t\t\t<div class=\"elementor-widget-wrap elementor-element-populated\">\n\t\t\t\t\t\t\t\t<div class=\"elementor-element elementor-element-bb84e25 elementor-widget elementor-widget-text-editor\" data-id=\"bb84e25\" data-element_type=\"widget\" data-widget_type=\"text-editor.default\">\n\t\t\t\t<div class=\"elementor-widget-container\">\n\t\t\t<style>\/*! elementor - v3.14.0 - 26-06-2023 *\/\n.elementor-widget-text-editor.elementor-drop-cap-view-stacked .elementor-drop-cap{background-color:#69727d;color:#fff}.elementor-widget-text-editor.elementor-drop-cap-view-framed .elementor-drop-cap{color:#69727d;border:3px solid;background-color:transparent}.elementor-widget-text-editor:not(.elementor-drop-cap-view-default) .elementor-drop-cap{margin-top:8px}.elementor-widget-text-editor:not(.elementor-drop-cap-view-default) .elementor-drop-cap-letter{width:1em;height:1em}.elementor-widget-text-editor .elementor-drop-cap{float:left;text-align:center;line-height:1;font-size:50px}.elementor-widget-text-editor .elementor-drop-cap-letter{display:inline-block}<\/style>\t\t\t\tDisponible 24 heures sur 24 et 7 jours sur 7, notre \u00e9quipe est disponible \u00e0 tout moment pour prendre en charge votre transfert vers l\u2019a\u00e9roport (a\u00e9roport de Paris, Lyon Bordeaux etc.), la gare, la station de ski (M\u00e9ribel, Chamonix etc.) \u2026 ou l\u2019endroit de votre choix. Taxi toutes distances, nos prestations r\u00e9pondent \u00e0 tous les besoins. Que vous soyez un professionnel ou un particulier, nous avons sans doute la formule qu\u2019il vous faut. Il suffit de prendre contact avec nos conducteurs ! Du service touristique au service professionnel, nous rendons le transport et le mouvement des passagers, vers et depuis les a\u00e9roports et les diff\u00e9rentes villes de France, aussi simples et agr\u00e9ables que possible. Nous sommes actifs tous les jours, 24 heures par jour. Vous savez alors o\u00f9 trouver un taxi ouvert 24 heures sur 24, 7 jours sur 7, assurant une disponibilit\u00e9 maximale pour tous vos d\u00e9placements.\n\n\t\t\t\t\t\t<\/div>\n\t\t\t\t<\/div>\n\t\t\t\t\t<\/div>\n\t\t<\/div>\n\t\t\t\t\t\t\t<\/div>\n\t\t<\/section>\n\t\t\t\t\t\t\t<\/div>\n\t\t","protected":false},"excerpt":{"rendered":"<p>Disponible 24 heures sur 24 et 7 jours sur 7, notre \u00e9quipe est disponible \u00e0 tout moment pour prendre en charge votre transfert vers l\u2019a\u00e9roport (a\u00e9roport de Paris, Lyon Bordeaux etc.), la gare, la station de ski (M\u00e9ribel, Chamonix etc.) \u2026 ou l\u2019endroit de votre choix. Taxi toutes distances, nos prestations r\u00e9pondent \u00e0 tous les [&hellip;]<\/p>\n","protected":false},"author":1,"featured_media":0,"parent":0,"menu_order":0,"comment_status":"closed","ping_status":"closed","template":"","meta":{"footnotes":""},"class_list":["post-2182","page","type-page","status-publish","hentry"],"yoast_head":"<!-- This site is optimized with the Yoast SEO plugin v20.9 - https:\/\/yoast.com\/wordpress\/plugins\/seo\/ -->\n<title>Taxi \u00e0 Ambilly pour toutes distances 24h\/24 et 7j\/7 - RDH Taxi Ambilly<\/title>\n<meta name=\"robots\" content=\"index, follow, max-snippet:-1, max-image-preview:large, max-video-preview:-1\" \/>\n<link rel=\"canonical\" href=\"https:\/\/rdh-taxi.fr\/?page_id=2182\" \/>\n<meta property=\"og:locale\" content=\"fr_FR\" \/>\n<meta property=\"og:type\" content=\"article\" \/>\n<meta property=\"og:title\" content=\"Taxi \u00e0 Ambilly pour toutes distances 24h\/24 et 7j\/7 - RDH Taxi Ambilly\" \/>\n<meta property=\"og:description\" content=\"Disponible 24 heures sur 24 et 7 jours sur 7, notre \u00e9quipe est disponible \u00e0 tout moment pour prendre en charge votre transfert vers l\u2019a\u00e9roport (a\u00e9roport de Paris, Lyon Bordeaux etc.), la gare, la station de ski (M\u00e9ribel, Chamonix etc.) \u2026 ou l\u2019endroit de votre choix. Taxi toutes distances, nos prestations r\u00e9pondent \u00e0 tous les [&hellip;]\" \/>\n<meta property=\"og:url\" content=\"https:\/\/rdh-taxi.fr\/?page_id=2182\" \/>\n<meta property=\"og:site_name\" content=\"RDH Taxi Ambilly\" \/>\n<meta property=\"article:modified_time\" content=\"2022-10-20T08:52:08+00:00\" \/>\n<meta name=\"twitter:card\" content=\"summary_large_image\" \/>\n<meta name=\"twitter:label1\" content=\"Dur\u00e9e de lecture estim\u00e9e\" \/>\n\t<meta name=\"twitter:data1\" content=\"1 minute\" \/>\n<script type=\"application\/ld+json\" class=\"yoast-schema-graph\">{\"@context\":\"https:\/\/schema.org\",\"@graph\":[{\"@type\":\"WebPage\",\"@id\":\"https:\/\/rdh-taxi.fr\/?page_id=2182\",\"url\":\"https:\/\/rdh-taxi.fr\/?page_id=2182\",\"name\":\"Taxi \u00e0 Ambilly pour toutes distances 24h\/24 et 7j\/7 - RDH Taxi Ambilly\",\"isPartOf\":{\"@id\":\"https:\/\/rdh-taxi.fr\/#website\"},\"datePublished\":\"2022-10-19T14:00:04+00:00\",\"dateModified\":\"2022-10-20T08:52:08+00:00\",\"breadcrumb\":{\"@id\":\"https:\/\/rdh-taxi.fr\/?page_id=2182#breadcrumb\"},\"inLanguage\":\"fr-FR\",\"potentialAction\":[{\"@type\":\"ReadAction\",\"target\":[\"https:\/\/rdh-taxi.fr\/?page_id=2182\"]}]},{\"@type\":\"BreadcrumbList\",\"@id\":\"https:\/\/rdh-taxi.fr\/?page_id=2182#breadcrumb\",\"itemListElement\":[{\"@type\":\"ListItem\",\"position\":1,\"name\":\"Accueil\",\"item\":\"https:\/\/rdh-taxi.fr\/\"},{\"@type\":\"ListItem\",\"position\":2,\"name\":\"Taxi \u00e0 Ambilly pour toutes distances 24h\/24 et 7j\/7\"}]},{\"@type\":\"WebSite\",\"@id\":\"https:\/\/rdh-taxi.fr\/#website\",\"url\":\"https:\/\/rdh-taxi.fr\/\",\"name\":\"RDH Taxi Ambilly\",\"description\":\"Toujours l\u00e0 pour vous ...\",\"publisher\":{\"@id\":\"https:\/\/rdh-taxi.fr\/#organization\"},\"potentialAction\":[{\"@type\":\"SearchAction\",\"target\":{\"@type\":\"EntryPoint\",\"urlTemplate\":\"https:\/\/rdh-taxi.fr\/?s={search_term_string}\"},\"query-input\":\"required name=search_term_string\"}],\"inLanguage\":\"fr-FR\"},{\"@type\":\"Organization\",\"@id\":\"https:\/\/rdh-taxi.fr\/#organization\",\"name\":\"RDH Taxi Ambilly\",\"url\":\"https:\/\/rdh-taxi.fr\/\",\"logo\":{\"@type\":\"ImageObject\",\"inLanguage\":\"fr-FR\",\"@id\":\"https:\/\/rdh-taxi.fr\/#\/schema\/logo\/image\/\",\"url\":\"https:\/\/rdh-taxi.fr\/wp-content\/uploads\/2022\/09\/cropped-cropped-logo-rdh-site-1.png\",\"contentUrl\":\"https:\/\/rdh-taxi.fr\/wp-content\/uploads\/2022\/09\/cropped-cropped-logo-rdh-site-1.png\",\"width\":250,\"height\":250,\"caption\":\"RDH Taxi Ambilly\"},\"image\":{\"@id\":\"https:\/\/rdh-taxi.fr\/#\/schema\/logo\/image\/\"}}]}<\/script>\n<!-- \/ Yoast SEO plugin. -->","yoast_head_json":{"title":"Taxi \u00e0 Ambilly pour toutes distances 24h\/24 et 7j\/7 - RDH Taxi Ambilly","robots":{"index":"index","follow":"follow","max-snippet":"max-snippet:-1","max-image-preview":"max-image-preview:large","max-video-preview":"max-video-preview:-1"},"canonical":"https:\/\/rdh-taxi.fr\/?page_id=2182","og_locale":"fr_FR","og_type":"article","og_title":"Taxi \u00e0 Ambilly pour toutes distances 24h\/24 et 7j\/7 - RDH Taxi Ambilly","og_description":"Disponible 24 heures sur 24 et 7 jours sur 7, notre \u00e9quipe est disponible \u00e0 tout moment pour prendre en charge votre transfert vers l\u2019a\u00e9roport (a\u00e9roport de Paris, Lyon Bordeaux etc.), la gare, la station de ski (M\u00e9ribel, Chamonix etc.) \u2026 ou l\u2019endroit de votre choix. Taxi toutes distances, nos prestations r\u00e9pondent \u00e0 tous les [&hellip;]","og_url":"https:\/\/rdh-taxi.fr\/?page_id=2182","og_site_name":"RDH Taxi Ambilly","article_modified_time":"2022-10-20T08:52:08+00:00","twitter_card":"summary_large_image","twitter_misc":{"Dur\u00e9e de lecture estim\u00e9e":"1 minute"},"schema":{"@context":"https:\/\/schema.org","@graph":[{"@type":"WebPage","@id":"https:\/\/rdh-taxi.fr\/?page_id=2182","url":"https:\/\/rdh-taxi.fr\/?page_id=2182","name":"Taxi \u00e0 Ambilly pour toutes distances 24h\/24 et 7j\/7 - RDH Taxi Ambilly","isPartOf":{"@id":"https:\/\/rdh-taxi.fr\/#website"},"datePublished":"2022-10-19T14:00:04+00:00","dateModified":"2022-10-20T08:52:08+00:00","breadcrumb":{"@id":"https:\/\/rdh-taxi.fr\/?page_id=2182#breadcrumb"},"inLanguage":"fr-FR","potentialAction":[{"@type":"ReadAction","target":["https:\/\/rdh-taxi.fr\/?page_id=2182"]}]},{"@type":"BreadcrumbList","@id":"https:\/\/rdh-taxi.fr\/?page_id=2182#breadcrumb","itemListElement":[{"@type":"ListItem","position":1,"name":"Accueil","item":"https:\/\/rdh-taxi.fr\/"},{"@type":"ListItem","position":2,"name":"Taxi \u00e0 Ambilly pour toutes distances 24h\/24 et 7j\/7"}]},{"@type":"WebSite","@id":"https:\/\/rdh-taxi.fr\/#website","url":"https:\/\/rdh-taxi.fr\/","name":"RDH Taxi Ambilly","description":"Toujours l\u00e0 pour vous ...","publisher":{"@id":"https:\/\/rdh-taxi.fr\/#organization"},"potentialAction":[{"@type":"SearchAction","target":{"@type":"EntryPoint","urlTemplate":"https:\/\/rdh-taxi.fr\/?s={search_term_string}"},"query-input":"required name=search_term_string"}],"inLanguage":"fr-FR"},{"@type":"Organization","@id":"https:\/\/rdh-taxi.fr\/#organization","name":"RDH Taxi Ambilly","url":"https:\/\/rdh-taxi.fr\/","logo":{"@type":"ImageObject","inLanguage":"fr-FR","@id":"https:\/\/rdh-taxi.fr\/#\/schema\/logo\/image\/","url":"https:\/\/rdh-taxi.fr\/wp-content\/uploads\/2022\/09\/cropped-cropped-logo-rdh-site-1.png","contentUrl":"https:\/\/rdh-taxi.fr\/wp-content\/uploads\/2022\/09\/cropped-cropped-logo-rdh-site-1.png","width":250,"height":250,"caption":"RDH Taxi Ambilly"},"image":{"@id":"https:\/\/rdh-taxi.fr\/#\/schema\/logo\/image\/"}}]}},"_links":{"self":[{"href":"https:\/\/rdh-taxi.fr\/index.php?rest_route=\/wp\/v2\/pages\/2182","targetHints":{"allow":["GET"]}}],"collection":[{"href":"https:\/\/rdh-taxi.fr\/index.php?rest_route=\/wp\/v2\/pages"}],"about":[{"href":"https:\/\/rdh-taxi.fr\/index.php?rest_route=\/wp\/v2\/types\/page"}],"author":[{"embeddable":true,"href":"https:\/\/rdh-taxi.fr\/index.php?rest_route=\/wp\/v2\/users\/1"}],"replies":[{"embeddable":true,"href":"https:\/\/rdh-taxi.fr\/index.php?rest_route=%2Fwp%2Fv2%2Fcomments&post=2182"}],"version-history":[{"count":10,"href":"https:\/\/rdh-taxi.fr\/index.php?rest_route=\/wp\/v2\/pages\/2182\/revisions"}],"predecessor-version":[{"id":2324,"href":"https:\/\/rdh-taxi.fr\/index.php?rest_route=\/wp\/v2\/pages\/2182\/revisions\/2324"}],"wp:attachment":[{"href":"https:\/\/rdh-taxi.fr\/index.php?rest_route=%2Fwp%2Fv2%2Fmedia&parent=2182"}],"curies":[{"name":"wp","href":"https:\/\/api.w.org\/{rel}","templated":true}]}}