{"id":2188,"date":"2022-10-19T16:10:35","date_gmt":"2022-10-19T14:10:35","guid":{"rendered":"https:\/\/rdh-taxi.fr\/?page_id=2188"},"modified":"2022-10-20T11:33:35","modified_gmt":"2022-10-20T09:33:35","slug":"elementor-2188","status":"publish","type":"page","link":"https:\/\/rdh-taxi.fr\/?page_id=2188","title":{"rendered":"Taxi conventionn\u00e9 CPAM"},"content":{"rendered":"\t\t<div data-elementor-type=\"wp-page\" data-elementor-id=\"2188\" class=\"elementor elementor-2188\">\n\t\t\t\t\t\t\t\t\t<section class=\"elementor-section elementor-top-section elementor-element elementor-element-c4a4122 elementor-section-boxed elementor-section-height-default elementor-section-height-default\" data-id=\"c4a4122\" data-element_type=\"section\">\n\t\t\t\t\t\t<div class=\"elementor-container elementor-column-gap-default\">\n\t\t\t\t\t<div class=\"elementor-column elementor-col-50 elementor-top-column elementor-element elementor-element-376c454\" data-id=\"376c454\" data-element_type=\"column\">\n\t\t\t<div class=\"elementor-widget-wrap elementor-element-populated\">\n\t\t\t\t\t\t\t\t<div class=\"elementor-element elementor-element-d5ef22d elementor-widget elementor-widget-image\" data-id=\"d5ef22d\" data-element_type=\"widget\" data-widget_type=\"image.default\">\n\t\t\t\t<div class=\"elementor-widget-container\">\n\t\t\t<style>\/*! elementor - v3.14.0 - 26-06-2023 *\/\n.elementor-widget-image{text-align:center}.elementor-widget-image a{display:inline-block}.elementor-widget-image a img[src$=\".svg\"]{width:48px}.elementor-widget-image img{vertical-align:middle;display:inline-block}<\/style>\t\t\t\t\t\t\t\t\t\t\t\t<img loading=\"lazy\" decoding=\"async\" width=\"525\" height=\"513\" src=\"https:\/\/rdh-taxi.fr\/wp-content\/uploads\/2022\/10\/cpam-logo.jpeg\" class=\"attachment-large size-large wp-image-1924\" alt=\"\" srcset=\"https:\/\/rdh-taxi.fr\/wp-content\/uploads\/2022\/10\/cpam-logo.jpeg 1024w, https:\/\/rdh-taxi.fr\/wp-content\/uploads\/2022\/10\/cpam-logo-300x293.jpeg 300w, https:\/\/rdh-taxi.fr\/wp-content\/uploads\/2022\/10\/cpam-logo-768x750.jpeg 768w, https:\/\/rdh-taxi.fr\/wp-content\/uploads\/2022\/10\/cpam-logo-600x586.jpeg 600w\" sizes=\"auto, (max-width: 525px) 100vw, 525px\" \/>\t\t\t\t\t\t\t\t\t\t\t\t\t\t\t<\/div>\n\t\t\t\t<\/div>\n\t\t\t\t\t<\/div>\n\t\t<\/div>\n\t\t\t\t<div class=\"elementor-column elementor-col-50 elementor-top-column elementor-element elementor-element-39c8979\" data-id=\"39c8979\" data-element_type=\"column\">\n\t\t\t<div class=\"elementor-widget-wrap elementor-element-populated\">\n\t\t\t\t\t\t\t\t<div class=\"elementor-element elementor-element-53bd902 elementor-widget elementor-widget-text-editor\" data-id=\"53bd902\" data-element_type=\"widget\" data-widget_type=\"text-editor.default\">\n\t\t\t\t<div class=\"elementor-widget-container\">\n\t\t\t<style>\/*! elementor - v3.14.0 - 26-06-2023 *\/\n.elementor-widget-text-editor.elementor-drop-cap-view-stacked .elementor-drop-cap{background-color:#69727d;color:#fff}.elementor-widget-text-editor.elementor-drop-cap-view-framed .elementor-drop-cap{color:#69727d;border:3px solid;background-color:transparent}.elementor-widget-text-editor:not(.elementor-drop-cap-view-default) .elementor-drop-cap{margin-top:8px}.elementor-widget-text-editor:not(.elementor-drop-cap-view-default) .elementor-drop-cap-letter{width:1em;height:1em}.elementor-widget-text-editor .elementor-drop-cap{float:left;text-align:center;line-height:1;font-size:50px}.elementor-widget-text-editor .elementor-drop-cap-letter{display:inline-block}<\/style>\t\t\t\tRDH Taxi est conventionn\u00e9 CPAM. Ainsi, nous proposons des prestations de transport aux malades vers et depuis les h\u00f4pitaux de Lyon, Annecy, Grenoble, Chamb\u00e9ry\u2026 et dans toutes les villes suisses. R\u00e9server un taxi conventionn\u00e9 sur notre site web, c\u2019est la garantie d\u2019avoir une prestation qui r\u00e9pond \u00e0 vos besoins. Nos v\u00e9hicules spacieux et confortables sont sp\u00e9cialement adapt\u00e9s pour ce type de prestations. Situ\u00e9 \u00e0 2,5 km du centre hospitalier de Contamine-sur-Arve (CHAL), RDH Taxi est un taxi conventionn\u00e9 CPAM et assure tout trajet, pour les particuliers comme pour les professionnels. Nous nous occupons de vos transferts depuis et vers les h\u00f4pitaux, mais aussi les a\u00e9roports, les gares, les stations de sport d\u2019hiver, etc. Il suffit de prendre contact avec notre \u00e9quipe !\n\n<b>Pourquoi faire appel \u00e0 un taxi conventionn\u00e9 Ambilly \/ Scientrier<\/b>\n\nLorsque vous n\u2019\u00eates pas en mesure de vous d\u00e9placer par vos propres moyens pour assister \u00e0 votre rendez-vous m\u00e9dical, vous pouvez compter sur un taxi conventionn\u00e9 Ambilly \/ Scientrier. Ce service met \u00e0 votre disposition un v\u00e9hicule parfaitement habilit\u00e9 pour recevoir et conduire un patient. La plupart du temps, le patient est rembours\u00e9 int\u00e9gralement par l\u2019assurance maladie.\n\n<b>Taxi conventionn\u00e9, pour qui ?<\/b>\n\nPrendre un taxi conventionn\u00e9 CPAM pour rejoindre un lieu de soins ou d\u2019examen est une m\u00e9thode incontestablement pratique pour de nombreux malades comme pour les proches des patients. Et cela, en particulier lorsque l\u2019\u00e9tablissement de sant\u00e9 est situ\u00e9 \u00e0 plusieurs kilom\u00e8tres de leur demeure. De la m\u00eame mani\u00e8re, les individus \u00e0 mobilit\u00e9 r\u00e9duite suite \u00e0 un grave accident trouvent aussi une grande praticit\u00e9 dans le syst\u00e8me de taxi conventionn\u00e9 par la CPAM. De plus, il faut savoir que le chauffeur a l\u2019obligation de proposer son assistance pour ce type de service. Il vous aidera \u00e0 monter dans le v\u00e9hicule et assurera que vous serez bien \u00e0 l\u2019aise avant de d\u00e9marrer.\n\n<b>Vos frais sont rembours\u00e9s<\/b>\n\nQuand les conditions sont respect\u00e9es, le service d\u2019un taxi conventionn\u00e9 CPAM 74 peut vous \u00eatre rembours\u00e9. D\u2019un point de vue financier, cette pratique repr\u00e9sente un v\u00e9ritable soulagement lorsque le lieu de votre rendez-vous (centre m\u00e9dical, h\u00f4pital, cabinet de kin\u00e9sith\u00e9rapie, etc.) se trouve \u00e9loigner de votre maison. De plus, lorsqu\u2019un patient souffre d\u2019une affection assez grave et n\u00e9cessite plusieurs trajets dans le mois ou la semaine, la facture peut \u00eatre tr\u00e8s \u00e9lev\u00e9e. Avec une prise en charge des frais par l\u2019assurance maladie, les d\u00e9penses seront plus l\u00e9g\u00e8res pour que vous puissiez vous concentrer sur les soins.\n<b>\nAutres bonnes raisons de faire appel \u00e0 un taxi conventionn\u00e9 \u00e0 Ambilly<\/b>\n\nUn taxi conventionn\u00e9 apporte une grande tranquillit\u00e9 d\u2019esprit. Il vient vous chercher chez vous, sur le pas de la porte, dans une voiture confortable et s\u00e9curitaire, et vous emm\u00e8ne dans votre lieu de soins. Une fois que vous avez obtenu votre acte m\u00e9dical, les frais seront aussit\u00f4t pris en charge.Vous n\u2019avez aucun souci \u00e0 vous faire puisqu\u2019il vous raccompagne \u00e9galement chez vous. Durant tout le trajet, vous avez la possibilit\u00e9 de discuter librement avec le chauffeur. Les services prodigu\u00e9s par les taxis conventionn\u00e9s sont loin d\u2019\u00eatre identiques \u00e0 ceux des taxis traditionnels. Vous pourrez \u00e9changer avec le chauffeur et lui demander les diverses options sur votre prise en charge, par exemple.\t\t\t\t\t\t<\/div>\n\t\t\t\t<\/div>\n\t\t\t\t\t<\/div>\n\t\t<\/div>\n\t\t\t\t\t\t\t<\/div>\n\t\t<\/section>\n\t\t\t\t\t\t\t<\/div>\n\t\t","protected":false},"excerpt":{"rendered":"<p>RDH Taxi est conventionn\u00e9 CPAM. Ainsi, nous proposons des prestations de transport aux malades vers et depuis les h\u00f4pitaux de Lyon, Annecy, Grenoble, Chamb\u00e9ry\u2026 et dans toutes les villes suisses. R\u00e9server un taxi conventionn\u00e9 sur notre site web, c\u2019est la garantie d\u2019avoir une prestation qui r\u00e9pond \u00e0 vos besoins. Nos v\u00e9hicules spacieux et confortables sont [&hellip;]<\/p>\n","protected":false},"author":1,"featured_media":0,"parent":0,"menu_order":0,"comment_status":"closed","ping_status":"closed","template":"","meta":{"footnotes":""},"class_list":["post-2188","page","type-page","status-publish","hentry"],"yoast_head":"<!-- This site is optimized with the Yoast SEO plugin v20.9 - https:\/\/yoast.com\/wordpress\/plugins\/seo\/ -->\n<title>Taxi conventionn\u00e9 CPAM - RDH Taxi Ambilly<\/title>\n<meta name=\"robots\" content=\"index, follow, max-snippet:-1, max-image-preview:large, max-video-preview:-1\" \/>\n<link rel=\"canonical\" href=\"https:\/\/rdh-taxi.fr\/?page_id=2188\" \/>\n<meta property=\"og:locale\" content=\"fr_FR\" \/>\n<meta property=\"og:type\" content=\"article\" \/>\n<meta property=\"og:title\" content=\"Taxi conventionn\u00e9 CPAM - RDH Taxi Ambilly\" \/>\n<meta property=\"og:description\" content=\"RDH Taxi est conventionn\u00e9 CPAM. Ainsi, nous proposons des prestations de transport aux malades vers et depuis les h\u00f4pitaux de Lyon, Annecy, Grenoble, Chamb\u00e9ry\u2026 et dans toutes les villes suisses. R\u00e9server un taxi conventionn\u00e9 sur notre site web, c\u2019est la garantie d\u2019avoir une prestation qui r\u00e9pond \u00e0 vos besoins. Nos v\u00e9hicules spacieux et confortables sont [&hellip;]\" \/>\n<meta property=\"og:url\" content=\"https:\/\/rdh-taxi.fr\/?page_id=2188\" \/>\n<meta property=\"og:site_name\" content=\"RDH Taxi Ambilly\" \/>\n<meta property=\"article:modified_time\" content=\"2022-10-20T09:33:35+00:00\" \/>\n<meta property=\"og:image\" content=\"https:\/\/rdh-taxi.fr\/wp-content\/uploads\/2022\/10\/cpam-logo.jpeg\" \/>\n<meta name=\"twitter:card\" content=\"summary_large_image\" \/>\n<meta name=\"twitter:label1\" content=\"Dur\u00e9e de lecture estim\u00e9e\" \/>\n\t<meta name=\"twitter:data1\" content=\"3 minutes\" \/>\n<script type=\"application\/ld+json\" class=\"yoast-schema-graph\">{\"@context\":\"https:\/\/schema.org\",\"@graph\":[{\"@type\":\"WebPage\",\"@id\":\"https:\/\/rdh-taxi.fr\/?page_id=2188\",\"url\":\"https:\/\/rdh-taxi.fr\/?page_id=2188\",\"name\":\"Taxi conventionn\u00e9 CPAM - RDH Taxi Ambilly\",\"isPartOf\":{\"@id\":\"https:\/\/rdh-taxi.fr\/#website\"},\"datePublished\":\"2022-10-19T14:10:35+00:00\",\"dateModified\":\"2022-10-20T09:33:35+00:00\",\"breadcrumb\":{\"@id\":\"https:\/\/rdh-taxi.fr\/?page_id=2188#breadcrumb\"},\"inLanguage\":\"fr-FR\",\"potentialAction\":[{\"@type\":\"ReadAction\",\"target\":[\"https:\/\/rdh-taxi.fr\/?page_id=2188\"]}]},{\"@type\":\"BreadcrumbList\",\"@id\":\"https:\/\/rdh-taxi.fr\/?page_id=2188#breadcrumb\",\"itemListElement\":[{\"@type\":\"ListItem\",\"position\":1,\"name\":\"Accueil\",\"item\":\"https:\/\/rdh-taxi.fr\/\"},{\"@type\":\"ListItem\",\"position\":2,\"name\":\"Taxi conventionn\u00e9 CPAM\"}]},{\"@type\":\"WebSite\",\"@id\":\"https:\/\/rdh-taxi.fr\/#website\",\"url\":\"https:\/\/rdh-taxi.fr\/\",\"name\":\"RDH Taxi Ambilly\",\"description\":\"Toujours l\u00e0 pour vous ...\",\"publisher\":{\"@id\":\"https:\/\/rdh-taxi.fr\/#organization\"},\"potentialAction\":[{\"@type\":\"SearchAction\",\"target\":{\"@type\":\"EntryPoint\",\"urlTemplate\":\"https:\/\/rdh-taxi.fr\/?s={search_term_string}\"},\"query-input\":\"required name=search_term_string\"}],\"inLanguage\":\"fr-FR\"},{\"@type\":\"Organization\",\"@id\":\"https:\/\/rdh-taxi.fr\/#organization\",\"name\":\"RDH Taxi Ambilly\",\"url\":\"https:\/\/rdh-taxi.fr\/\",\"logo\":{\"@type\":\"ImageObject\",\"inLanguage\":\"fr-FR\",\"@id\":\"https:\/\/rdh-taxi.fr\/#\/schema\/logo\/image\/\",\"url\":\"https:\/\/rdh-taxi.fr\/wp-content\/uploads\/2022\/09\/cropped-cropped-logo-rdh-site-1.png\",\"contentUrl\":\"https:\/\/rdh-taxi.fr\/wp-content\/uploads\/2022\/09\/cropped-cropped-logo-rdh-site-1.png\",\"width\":250,\"height\":250,\"caption\":\"RDH Taxi Ambilly\"},\"image\":{\"@id\":\"https:\/\/rdh-taxi.fr\/#\/schema\/logo\/image\/\"}}]}<\/script>\n<!-- \/ Yoast SEO plugin. -->","yoast_head_json":{"title":"Taxi conventionn\u00e9 CPAM - RDH Taxi Ambilly","robots":{"index":"index","follow":"follow","max-snippet":"max-snippet:-1","max-image-preview":"max-image-preview:large","max-video-preview":"max-video-preview:-1"},"canonical":"https:\/\/rdh-taxi.fr\/?page_id=2188","og_locale":"fr_FR","og_type":"article","og_title":"Taxi conventionn\u00e9 CPAM - RDH Taxi Ambilly","og_description":"RDH Taxi est conventionn\u00e9 CPAM. Ainsi, nous proposons des prestations de transport aux malades vers et depuis les h\u00f4pitaux de Lyon, Annecy, Grenoble, Chamb\u00e9ry\u2026 et dans toutes les villes suisses. R\u00e9server un taxi conventionn\u00e9 sur notre site web, c\u2019est la garantie d\u2019avoir une prestation qui r\u00e9pond \u00e0 vos besoins. Nos v\u00e9hicules spacieux et confortables sont [&hellip;]","og_url":"https:\/\/rdh-taxi.fr\/?page_id=2188","og_site_name":"RDH Taxi Ambilly","article_modified_time":"2022-10-20T09:33:35+00:00","og_image":[{"url":"https:\/\/rdh-taxi.fr\/wp-content\/uploads\/2022\/10\/cpam-logo.jpeg"}],"twitter_card":"summary_large_image","twitter_misc":{"Dur\u00e9e de lecture estim\u00e9e":"3 minutes"},"schema":{"@context":"https:\/\/schema.org","@graph":[{"@type":"WebPage","@id":"https:\/\/rdh-taxi.fr\/?page_id=2188","url":"https:\/\/rdh-taxi.fr\/?page_id=2188","name":"Taxi conventionn\u00e9 CPAM - RDH Taxi Ambilly","isPartOf":{"@id":"https:\/\/rdh-taxi.fr\/#website"},"datePublished":"2022-10-19T14:10:35+00:00","dateModified":"2022-10-20T09:33:35+00:00","breadcrumb":{"@id":"https:\/\/rdh-taxi.fr\/?page_id=2188#breadcrumb"},"inLanguage":"fr-FR","potentialAction":[{"@type":"ReadAction","target":["https:\/\/rdh-taxi.fr\/?page_id=2188"]}]},{"@type":"BreadcrumbList","@id":"https:\/\/rdh-taxi.fr\/?page_id=2188#breadcrumb","itemListElement":[{"@type":"ListItem","position":1,"name":"Accueil","item":"https:\/\/rdh-taxi.fr\/"},{"@type":"ListItem","position":2,"name":"Taxi conventionn\u00e9 CPAM"}]},{"@type":"WebSite","@id":"https:\/\/rdh-taxi.fr\/#website","url":"https:\/\/rdh-taxi.fr\/","name":"RDH Taxi Ambilly","description":"Toujours l\u00e0 pour vous ...","publisher":{"@id":"https:\/\/rdh-taxi.fr\/#organization"},"potentialAction":[{"@type":"SearchAction","target":{"@type":"EntryPoint","urlTemplate":"https:\/\/rdh-taxi.fr\/?s={search_term_string}"},"query-input":"required name=search_term_string"}],"inLanguage":"fr-FR"},{"@type":"Organization","@id":"https:\/\/rdh-taxi.fr\/#organization","name":"RDH Taxi Ambilly","url":"https:\/\/rdh-taxi.fr\/","logo":{"@type":"ImageObject","inLanguage":"fr-FR","@id":"https:\/\/rdh-taxi.fr\/#\/schema\/logo\/image\/","url":"https:\/\/rdh-taxi.fr\/wp-content\/uploads\/2022\/09\/cropped-cropped-logo-rdh-site-1.png","contentUrl":"https:\/\/rdh-taxi.fr\/wp-content\/uploads\/2022\/09\/cropped-cropped-logo-rdh-site-1.png","width":250,"height":250,"caption":"RDH Taxi Ambilly"},"image":{"@id":"https:\/\/rdh-taxi.fr\/#\/schema\/logo\/image\/"}}]}},"_links":{"self":[{"href":"https:\/\/rdh-taxi.fr\/index.php?rest_route=\/wp\/v2\/pages\/2188","targetHints":{"allow":["GET"]}}],"collection":[{"href":"https:\/\/rdh-taxi.fr\/index.php?rest_route=\/wp\/v2\/pages"}],"about":[{"href":"https:\/\/rdh-taxi.fr\/index.php?rest_route=\/wp\/v2\/types\/page"}],"author":[{"embeddable":true,"href":"https:\/\/rdh-taxi.fr\/index.php?rest_route=\/wp\/v2\/users\/1"}],"replies":[{"embeddable":true,"href":"https:\/\/rdh-taxi.fr\/index.php?rest_route=%2Fwp%2Fv2%2Fcomments&post=2188"}],"version-history":[{"count":24,"href":"https:\/\/rdh-taxi.fr\/index.php?rest_route=\/wp\/v2\/pages\/2188\/revisions"}],"predecessor-version":[{"id":2411,"href":"https:\/\/rdh-taxi.fr\/index.php?rest_route=\/wp\/v2\/pages\/2188\/revisions\/2411"}],"wp:attachment":[{"href":"https:\/\/rdh-taxi.fr\/index.php?rest_route=%2Fwp%2Fv2%2Fmedia&parent=2188"}],"curies":[{"name":"wp","href":"https:\/\/api.w.org\/{rel}","templated":true}]}}