{"id":2213,"date":"2022-10-19T16:17:04","date_gmt":"2022-10-19T14:17:04","guid":{"rendered":"https:\/\/rdh-taxi.fr\/?page_id=2213"},"modified":"2022-10-20T11:24:58","modified_gmt":"2022-10-20T09:24:58","slug":"elementor-2213","status":"publish","type":"page","link":"https:\/\/rdh-taxi.fr\/?page_id=2213","title":{"rendered":"Taxi station de ski"},"content":{"rendered":"\t\t<div data-elementor-type=\"wp-page\" data-elementor-id=\"2213\" class=\"elementor elementor-2213\">\n\t\t\t\t\t\t\t\t\t<section class=\"elementor-section elementor-top-section elementor-element elementor-element-9685926 elementor-section-boxed elementor-section-height-default elementor-section-height-default\" data-id=\"9685926\" data-element_type=\"section\">\n\t\t\t\t\t\t<div class=\"elementor-container elementor-column-gap-default\">\n\t\t\t\t\t<div class=\"elementor-column elementor-col-50 elementor-top-column elementor-element elementor-element-3d93443\" data-id=\"3d93443\" data-element_type=\"column\">\n\t\t\t<div class=\"elementor-widget-wrap elementor-element-populated\">\n\t\t\t\t\t\t\t\t<div class=\"elementor-element elementor-element-a904d12 elementor-widget elementor-widget-image\" data-id=\"a904d12\" data-element_type=\"widget\" data-widget_type=\"image.default\">\n\t\t\t\t<div class=\"elementor-widget-container\">\n\t\t\t<style>\/*! elementor - v3.14.0 - 26-06-2023 *\/\n.elementor-widget-image{text-align:center}.elementor-widget-image a{display:inline-block}.elementor-widget-image a img[src$=\".svg\"]{width:48px}.elementor-widget-image img{vertical-align:middle;display:inline-block}<\/style>\t\t\t\t\t\t\t\t\t\t\t\t<img loading=\"lazy\" decoding=\"async\" width=\"525\" height=\"350\" src=\"https:\/\/rdh-taxi.fr\/wp-content\/uploads\/2022\/10\/Paysages_sommets_Mont_Blanc_8874_Keno_Photographie_OT_Les_Gets-1024x683.jpeg\" class=\"attachment-large size-large wp-image-2052\" alt=\"\" srcset=\"https:\/\/rdh-taxi.fr\/wp-content\/uploads\/2022\/10\/Paysages_sommets_Mont_Blanc_8874_Keno_Photographie_OT_Les_Gets-1024x683.jpeg 1024w, https:\/\/rdh-taxi.fr\/wp-content\/uploads\/2022\/10\/Paysages_sommets_Mont_Blanc_8874_Keno_Photographie_OT_Les_Gets-300x200.jpeg 300w, https:\/\/rdh-taxi.fr\/wp-content\/uploads\/2022\/10\/Paysages_sommets_Mont_Blanc_8874_Keno_Photographie_OT_Les_Gets-768x512.jpeg 768w, https:\/\/rdh-taxi.fr\/wp-content\/uploads\/2022\/10\/Paysages_sommets_Mont_Blanc_8874_Keno_Photographie_OT_Les_Gets-1536x1024.jpeg 1536w, https:\/\/rdh-taxi.fr\/wp-content\/uploads\/2022\/10\/Paysages_sommets_Mont_Blanc_8874_Keno_Photographie_OT_Les_Gets-600x400.jpeg 600w, https:\/\/rdh-taxi.fr\/wp-content\/uploads\/2022\/10\/Paysages_sommets_Mont_Blanc_8874_Keno_Photographie_OT_Les_Gets.jpeg 1920w\" sizes=\"auto, (max-width: 525px) 100vw, 525px\" \/>\t\t\t\t\t\t\t\t\t\t\t\t\t\t\t<\/div>\n\t\t\t\t<\/div>\n\t\t\t\t\t<\/div>\n\t\t<\/div>\n\t\t\t\t<div class=\"elementor-column elementor-col-50 elementor-top-column elementor-element elementor-element-7ea9efa\" data-id=\"7ea9efa\" data-element_type=\"column\">\n\t\t\t<div class=\"elementor-widget-wrap elementor-element-populated\">\n\t\t\t\t\t\t\t\t<div class=\"elementor-element elementor-element-f3b1acb elementor-widget elementor-widget-text-editor\" data-id=\"f3b1acb\" data-element_type=\"widget\" data-widget_type=\"text-editor.default\">\n\t\t\t\t<div class=\"elementor-widget-container\">\n\t\t\t<style>\/*! elementor - v3.14.0 - 26-06-2023 *\/\n.elementor-widget-text-editor.elementor-drop-cap-view-stacked .elementor-drop-cap{background-color:#69727d;color:#fff}.elementor-widget-text-editor.elementor-drop-cap-view-framed .elementor-drop-cap{color:#69727d;border:3px solid;background-color:transparent}.elementor-widget-text-editor:not(.elementor-drop-cap-view-default) .elementor-drop-cap{margin-top:8px}.elementor-widget-text-editor:not(.elementor-drop-cap-view-default) .elementor-drop-cap-letter{width:1em;height:1em}.elementor-widget-text-editor .elementor-drop-cap{float:left;text-align:center;line-height:1;font-size:50px}.elementor-widget-text-editor .elementor-drop-cap-letter{display:inline-block}<\/style>\t\t\t\t<p>Transport taxi toute distance \u00e0 Ambilly (74), \u00e0 quelques kilom\u00e8tres seulement de l\u2019a\u00e9roport de Gen\u00e8ve Cointrin, la gare Cornavin et des stations de ski des Alpes\u2026Vous \u00eates en qu\u00eate d\u2019un taxi pour vous rendre vers la station de ski de Ch\u00e2tel, les Gets, Bellevaux-Hirmentaz ou autre ? Nous nous occupons de votre transfert en station, hiver comme \u00e9t\u00e9. Sur simple appel t\u00e9l\u00e9phonique ou par e-mail, les services de transfert propos\u00e9s par RDH Taxi Ambilly vous permettront d\u2019avoir une voiture, un minivan ou un minibus qui vous conduira au berceau de la montagne ou \u00e0 un h\u00f4tel de la station de ski que vous avez choisie (Les Gets, Contamines Montjoie, Courchevel, Les Saisies etc.) De la m\u00eame mani\u00e8re, il est possible d\u2019avoir un taxi \u00e0 l\u2019adresse indiqu\u00e9e par vos soins \u00e0 Thollon, Tignes, Chamonix ou n\u2019importe o\u00f9 ailleurs\u2026 pour vous emmener o\u00f9 vous voulez (a\u00e9roport de Lyon, gare de Cluses, Bellegarde ou adresse priv\u00e9e) Nos v\u00e9hicules sont spacieux et vous pouvez transporter votre mat\u00e9riel de ski ou snowboard sans aucun probl\u00e8me.<\/p>\t\t\t\t\t\t<\/div>\n\t\t\t\t<\/div>\n\t\t\t\t\t<\/div>\n\t\t<\/div>\n\t\t\t\t\t\t\t<\/div>\n\t\t<\/section>\n\t\t\t\t\t\t\t<\/div>\n\t\t","protected":false},"excerpt":{"rendered":"<p>Transport taxi toute distance \u00e0 Ambilly (74), \u00e0 quelques kilom\u00e8tres seulement de l\u2019a\u00e9roport de Gen\u00e8ve Cointrin, la gare Cornavin et des stations de ski des Alpes\u2026Vous \u00eates en qu\u00eate d\u2019un taxi pour vous rendre vers la station de ski de Ch\u00e2tel, les Gets, Bellevaux-Hirmentaz ou autre ? Nous nous occupons de votre transfert en station, [&hellip;]<\/p>\n","protected":false},"author":1,"featured_media":0,"parent":0,"menu_order":0,"comment_status":"closed","ping_status":"closed","template":"","meta":{"footnotes":""},"class_list":["post-2213","page","type-page","status-publish","hentry"],"yoast_head":"<!-- This site is optimized with the Yoast SEO plugin v20.9 - https:\/\/yoast.com\/wordpress\/plugins\/seo\/ -->\n<title>Taxi station de ski - RDH Taxi Ambilly<\/title>\n<meta name=\"robots\" content=\"index, follow, max-snippet:-1, max-image-preview:large, max-video-preview:-1\" \/>\n<link rel=\"canonical\" href=\"https:\/\/rdh-taxi.fr\/?page_id=2213\" \/>\n<meta property=\"og:locale\" content=\"fr_FR\" \/>\n<meta property=\"og:type\" content=\"article\" \/>\n<meta property=\"og:title\" content=\"Taxi station de ski - RDH Taxi Ambilly\" \/>\n<meta property=\"og:description\" content=\"Transport taxi toute distance \u00e0 Ambilly (74), \u00e0 quelques kilom\u00e8tres seulement de l\u2019a\u00e9roport de Gen\u00e8ve Cointrin, la gare Cornavin et des stations de ski des Alpes\u2026Vous \u00eates en qu\u00eate d\u2019un taxi pour vous rendre vers la station de ski de Ch\u00e2tel, les Gets, Bellevaux-Hirmentaz ou autre ? Nous nous occupons de votre transfert en station, [&hellip;]\" \/>\n<meta property=\"og:url\" content=\"https:\/\/rdh-taxi.fr\/?page_id=2213\" \/>\n<meta property=\"og:site_name\" content=\"RDH Taxi Ambilly\" \/>\n<meta property=\"article:modified_time\" content=\"2022-10-20T09:24:58+00:00\" \/>\n<meta property=\"og:image\" content=\"https:\/\/rdh-taxi.fr\/wp-content\/uploads\/2022\/10\/Paysages_sommets_Mont_Blanc_8874_Keno_Photographie_OT_Les_Gets-1024x683.jpeg\" \/>\n<meta name=\"twitter:card\" content=\"summary_large_image\" \/>\n<meta name=\"twitter:label1\" content=\"Dur\u00e9e de lecture estim\u00e9e\" \/>\n\t<meta name=\"twitter:data1\" content=\"1 minute\" \/>\n<script type=\"application\/ld+json\" class=\"yoast-schema-graph\">{\"@context\":\"https:\/\/schema.org\",\"@graph\":[{\"@type\":\"WebPage\",\"@id\":\"https:\/\/rdh-taxi.fr\/?page_id=2213\",\"url\":\"https:\/\/rdh-taxi.fr\/?page_id=2213\",\"name\":\"Taxi station de ski - RDH Taxi Ambilly\",\"isPartOf\":{\"@id\":\"https:\/\/rdh-taxi.fr\/#website\"},\"datePublished\":\"2022-10-19T14:17:04+00:00\",\"dateModified\":\"2022-10-20T09:24:58+00:00\",\"breadcrumb\":{\"@id\":\"https:\/\/rdh-taxi.fr\/?page_id=2213#breadcrumb\"},\"inLanguage\":\"fr-FR\",\"potentialAction\":[{\"@type\":\"ReadAction\",\"target\":[\"https:\/\/rdh-taxi.fr\/?page_id=2213\"]}]},{\"@type\":\"BreadcrumbList\",\"@id\":\"https:\/\/rdh-taxi.fr\/?page_id=2213#breadcrumb\",\"itemListElement\":[{\"@type\":\"ListItem\",\"position\":1,\"name\":\"Accueil\",\"item\":\"https:\/\/rdh-taxi.fr\/\"},{\"@type\":\"ListItem\",\"position\":2,\"name\":\"Taxi station de ski\"}]},{\"@type\":\"WebSite\",\"@id\":\"https:\/\/rdh-taxi.fr\/#website\",\"url\":\"https:\/\/rdh-taxi.fr\/\",\"name\":\"RDH Taxi Ambilly\",\"description\":\"Toujours l\u00e0 pour vous ...\",\"publisher\":{\"@id\":\"https:\/\/rdh-taxi.fr\/#organization\"},\"potentialAction\":[{\"@type\":\"SearchAction\",\"target\":{\"@type\":\"EntryPoint\",\"urlTemplate\":\"https:\/\/rdh-taxi.fr\/?s={search_term_string}\"},\"query-input\":\"required name=search_term_string\"}],\"inLanguage\":\"fr-FR\"},{\"@type\":\"Organization\",\"@id\":\"https:\/\/rdh-taxi.fr\/#organization\",\"name\":\"RDH Taxi Ambilly\",\"url\":\"https:\/\/rdh-taxi.fr\/\",\"logo\":{\"@type\":\"ImageObject\",\"inLanguage\":\"fr-FR\",\"@id\":\"https:\/\/rdh-taxi.fr\/#\/schema\/logo\/image\/\",\"url\":\"https:\/\/rdh-taxi.fr\/wp-content\/uploads\/2022\/09\/cropped-cropped-logo-rdh-site-1.png\",\"contentUrl\":\"https:\/\/rdh-taxi.fr\/wp-content\/uploads\/2022\/09\/cropped-cropped-logo-rdh-site-1.png\",\"width\":250,\"height\":250,\"caption\":\"RDH Taxi Ambilly\"},\"image\":{\"@id\":\"https:\/\/rdh-taxi.fr\/#\/schema\/logo\/image\/\"}}]}<\/script>\n<!-- \/ Yoast SEO plugin. -->","yoast_head_json":{"title":"Taxi station de ski - RDH Taxi Ambilly","robots":{"index":"index","follow":"follow","max-snippet":"max-snippet:-1","max-image-preview":"max-image-preview:large","max-video-preview":"max-video-preview:-1"},"canonical":"https:\/\/rdh-taxi.fr\/?page_id=2213","og_locale":"fr_FR","og_type":"article","og_title":"Taxi station de ski - RDH Taxi Ambilly","og_description":"Transport taxi toute distance \u00e0 Ambilly (74), \u00e0 quelques kilom\u00e8tres seulement de l\u2019a\u00e9roport de Gen\u00e8ve Cointrin, la gare Cornavin et des stations de ski des Alpes\u2026Vous \u00eates en qu\u00eate d\u2019un taxi pour vous rendre vers la station de ski de Ch\u00e2tel, les Gets, Bellevaux-Hirmentaz ou autre ? Nous nous occupons de votre transfert en station, [&hellip;]","og_url":"https:\/\/rdh-taxi.fr\/?page_id=2213","og_site_name":"RDH Taxi Ambilly","article_modified_time":"2022-10-20T09:24:58+00:00","og_image":[{"url":"https:\/\/rdh-taxi.fr\/wp-content\/uploads\/2022\/10\/Paysages_sommets_Mont_Blanc_8874_Keno_Photographie_OT_Les_Gets-1024x683.jpeg"}],"twitter_card":"summary_large_image","twitter_misc":{"Dur\u00e9e de lecture estim\u00e9e":"1 minute"},"schema":{"@context":"https:\/\/schema.org","@graph":[{"@type":"WebPage","@id":"https:\/\/rdh-taxi.fr\/?page_id=2213","url":"https:\/\/rdh-taxi.fr\/?page_id=2213","name":"Taxi station de ski - RDH Taxi Ambilly","isPartOf":{"@id":"https:\/\/rdh-taxi.fr\/#website"},"datePublished":"2022-10-19T14:17:04+00:00","dateModified":"2022-10-20T09:24:58+00:00","breadcrumb":{"@id":"https:\/\/rdh-taxi.fr\/?page_id=2213#breadcrumb"},"inLanguage":"fr-FR","potentialAction":[{"@type":"ReadAction","target":["https:\/\/rdh-taxi.fr\/?page_id=2213"]}]},{"@type":"BreadcrumbList","@id":"https:\/\/rdh-taxi.fr\/?page_id=2213#breadcrumb","itemListElement":[{"@type":"ListItem","position":1,"name":"Accueil","item":"https:\/\/rdh-taxi.fr\/"},{"@type":"ListItem","position":2,"name":"Taxi station de ski"}]},{"@type":"WebSite","@id":"https:\/\/rdh-taxi.fr\/#website","url":"https:\/\/rdh-taxi.fr\/","name":"RDH Taxi Ambilly","description":"Toujours l\u00e0 pour vous ...","publisher":{"@id":"https:\/\/rdh-taxi.fr\/#organization"},"potentialAction":[{"@type":"SearchAction","target":{"@type":"EntryPoint","urlTemplate":"https:\/\/rdh-taxi.fr\/?s={search_term_string}"},"query-input":"required name=search_term_string"}],"inLanguage":"fr-FR"},{"@type":"Organization","@id":"https:\/\/rdh-taxi.fr\/#organization","name":"RDH Taxi Ambilly","url":"https:\/\/rdh-taxi.fr\/","logo":{"@type":"ImageObject","inLanguage":"fr-FR","@id":"https:\/\/rdh-taxi.fr\/#\/schema\/logo\/image\/","url":"https:\/\/rdh-taxi.fr\/wp-content\/uploads\/2022\/09\/cropped-cropped-logo-rdh-site-1.png","contentUrl":"https:\/\/rdh-taxi.fr\/wp-content\/uploads\/2022\/09\/cropped-cropped-logo-rdh-site-1.png","width":250,"height":250,"caption":"RDH Taxi Ambilly"},"image":{"@id":"https:\/\/rdh-taxi.fr\/#\/schema\/logo\/image\/"}}]}},"_links":{"self":[{"href":"https:\/\/rdh-taxi.fr\/index.php?rest_route=\/wp\/v2\/pages\/2213","targetHints":{"allow":["GET"]}}],"collection":[{"href":"https:\/\/rdh-taxi.fr\/index.php?rest_route=\/wp\/v2\/pages"}],"about":[{"href":"https:\/\/rdh-taxi.fr\/index.php?rest_route=\/wp\/v2\/types\/page"}],"author":[{"embeddable":true,"href":"https:\/\/rdh-taxi.fr\/index.php?rest_route=\/wp\/v2\/users\/1"}],"replies":[{"embeddable":true,"href":"https:\/\/rdh-taxi.fr\/index.php?rest_route=%2Fwp%2Fv2%2Fcomments&post=2213"}],"version-history":[{"count":11,"href":"https:\/\/rdh-taxi.fr\/index.php?rest_route=\/wp\/v2\/pages\/2213\/revisions"}],"predecessor-version":[{"id":2378,"href":"https:\/\/rdh-taxi.fr\/index.php?rest_route=\/wp\/v2\/pages\/2213\/revisions\/2378"}],"wp:attachment":[{"href":"https:\/\/rdh-taxi.fr\/index.php?rest_route=%2Fwp%2Fv2%2Fmedia&parent=2213"}],"curies":[{"name":"wp","href":"https:\/\/api.w.org\/{rel}","templated":true}]}}