{"id":2226,"date":"2022-10-19T16:23:01","date_gmt":"2022-10-19T14:23:01","guid":{"rendered":"https:\/\/rdh-taxi.fr\/?page_id=2226"},"modified":"2022-10-20T11:07:32","modified_gmt":"2022-10-20T09:07:32","slug":"elementor-2226","status":"publish","type":"page","link":"https:\/\/rdh-taxi.fr\/?page_id=2226","title":{"rendered":"Transport m\u00e9dical longue distance"},"content":{"rendered":"\t\t<div data-elementor-type=\"wp-page\" data-elementor-id=\"2226\" class=\"elementor elementor-2226\">\n\t\t\t\t\t\t\t\t\t<section class=\"elementor-section elementor-top-section elementor-element elementor-element-969a203 elementor-section-boxed elementor-section-height-default elementor-section-height-default\" data-id=\"969a203\" data-element_type=\"section\">\n\t\t\t\t\t\t<div class=\"elementor-container elementor-column-gap-default\">\n\t\t\t\t\t<div class=\"elementor-column elementor-col-50 elementor-top-column elementor-element elementor-element-ba4d8fe\" data-id=\"ba4d8fe\" data-element_type=\"column\">\n\t\t\t<div class=\"elementor-widget-wrap elementor-element-populated\">\n\t\t\t\t\t\t\t\t<div class=\"elementor-element elementor-element-690751d elementor-widget elementor-widget-image\" data-id=\"690751d\" data-element_type=\"widget\" data-widget_type=\"image.default\">\n\t\t\t\t<div class=\"elementor-widget-container\">\n\t\t\t<style>\/*! elementor - v3.14.0 - 26-06-2023 *\/\n.elementor-widget-image{text-align:center}.elementor-widget-image a{display:inline-block}.elementor-widget-image a img[src$=\".svg\"]{width:48px}.elementor-widget-image img{vertical-align:middle;display:inline-block}<\/style>\t\t\t\t\t\t\t\t\t\t\t\t<img loading=\"lazy\" decoding=\"async\" width=\"525\" height=\"350\" src=\"https:\/\/rdh-taxi.fr\/wp-content\/uploads\/2022\/10\/mercedes-classev-300d-restyle-2019-01-1024x682.jpeg\" class=\"attachment-large size-large wp-image-2048\" alt=\"\" srcset=\"https:\/\/rdh-taxi.fr\/wp-content\/uploads\/2022\/10\/mercedes-classev-300d-restyle-2019-01-1024x682.jpeg 1024w, https:\/\/rdh-taxi.fr\/wp-content\/uploads\/2022\/10\/mercedes-classev-300d-restyle-2019-01-300x200.jpeg 300w, https:\/\/rdh-taxi.fr\/wp-content\/uploads\/2022\/10\/mercedes-classev-300d-restyle-2019-01-768x512.jpeg 768w, https:\/\/rdh-taxi.fr\/wp-content\/uploads\/2022\/10\/mercedes-classev-300d-restyle-2019-01-600x400.jpeg 600w, https:\/\/rdh-taxi.fr\/wp-content\/uploads\/2022\/10\/mercedes-classev-300d-restyle-2019-01.jpeg 1280w\" sizes=\"auto, (max-width: 525px) 100vw, 525px\" \/>\t\t\t\t\t\t\t\t\t\t\t\t\t\t\t<\/div>\n\t\t\t\t<\/div>\n\t\t\t\t\t<\/div>\n\t\t<\/div>\n\t\t\t\t<div class=\"elementor-column elementor-col-50 elementor-top-column elementor-element elementor-element-8295975\" data-id=\"8295975\" data-element_type=\"column\">\n\t\t\t<div class=\"elementor-widget-wrap elementor-element-populated\">\n\t\t\t\t\t\t\t\t<div class=\"elementor-element elementor-element-cbf9646 elementor-widget elementor-widget-text-editor\" data-id=\"cbf9646\" data-element_type=\"widget\" data-widget_type=\"text-editor.default\">\n\t\t\t\t<div class=\"elementor-widget-container\">\n\t\t\t<style>\/*! elementor - v3.14.0 - 26-06-2023 *\/\n.elementor-widget-text-editor.elementor-drop-cap-view-stacked .elementor-drop-cap{background-color:#69727d;color:#fff}.elementor-widget-text-editor.elementor-drop-cap-view-framed .elementor-drop-cap{color:#69727d;border:3px solid;background-color:transparent}.elementor-widget-text-editor:not(.elementor-drop-cap-view-default) .elementor-drop-cap{margin-top:8px}.elementor-widget-text-editor:not(.elementor-drop-cap-view-default) .elementor-drop-cap-letter{width:1em;height:1em}.elementor-widget-text-editor .elementor-drop-cap{float:left;text-align:center;line-height:1;font-size:50px}.elementor-widget-text-editor .elementor-drop-cap-letter{display:inline-block}<\/style>\t\t\t\t<p>RDH Taxi met \u00e0 votre disposition ses v\u00e9hicules confortables et s\u00e9curitaires pour tout transport m\u00e9dical longue distance. Nos conducteurs sont \u00e0 votre service pour prendre en charge vos transferts m\u00e9dicaux sur toutes les distances, \u00e0 n\u2019importe quel moment de la journ\u00e9e. Parce que nous nous pr\u00e9occupons de votre sant\u00e9 et de votre prise en charge lors de votre transport m\u00e9dical longue distance, pour un confort et une qualit\u00e9 de service ind\u00e9niable, nos taxis sont conventionn\u00e9s. Montez \u00e0 bord de nos v\u00e9hicules taxis conventionn\u00e9s. Vos transports concernant vos consultations m\u00e9dicales sont pris en charge par votre assurance sant\u00e9 pour vous rendre dans un h\u00f4pital, chez le m\u00e9decin ou chez un sp\u00e9cialiste. Nous assurons votre transfert vers tous les h\u00f4pitaux et centres de consultations partout en France. Ceci en toute s\u00e9r\u00e9nit\u00e9. Transferts imm\u00e9diats, courts ou longs, liaisons avec les centres de sant\u00e9 ou hospitaliers, transports pour les personnes \u00e2g\u00e9es avec l\u2019assurance d\u2019un trajet vraiment confortable. RDH Taxi Ambilly vous permet de r\u00e9server un taxi priv\u00e9, pour profiter de la commodit\u00e9 d\u2019avoir un chauffeur qualifi\u00e9 et ponctuel, pr\u00eat \u00e0 faire face \u00e0 la circulation et soucieux d\u2019arriver \u00e0 l\u2019heure \u00e0 votre rendez-vous m\u00e9dical.<\/p>\t\t\t\t\t\t<\/div>\n\t\t\t\t<\/div>\n\t\t\t\t\t<\/div>\n\t\t<\/div>\n\t\t\t\t\t\t\t<\/div>\n\t\t<\/section>\n\t\t\t\t\t\t\t<\/div>\n\t\t","protected":false},"excerpt":{"rendered":"<p>RDH Taxi met \u00e0 votre disposition ses v\u00e9hicules confortables et s\u00e9curitaires pour tout transport m\u00e9dical longue distance. Nos conducteurs sont \u00e0 votre service pour prendre en charge vos transferts m\u00e9dicaux sur toutes les distances, \u00e0 n\u2019importe quel moment de la journ\u00e9e. Parce que nous nous pr\u00e9occupons de votre sant\u00e9 et de votre prise en charge [&hellip;]<\/p>\n","protected":false},"author":1,"featured_media":0,"parent":0,"menu_order":0,"comment_status":"closed","ping_status":"closed","template":"","meta":{"footnotes":""},"class_list":["post-2226","page","type-page","status-publish","hentry"],"yoast_head":"<!-- This site is optimized with the Yoast SEO plugin v20.9 - https:\/\/yoast.com\/wordpress\/plugins\/seo\/ -->\n<title>Transport m\u00e9dical longue distance - RDH Taxi Ambilly<\/title>\n<meta name=\"robots\" content=\"index, follow, max-snippet:-1, max-image-preview:large, max-video-preview:-1\" \/>\n<link rel=\"canonical\" href=\"https:\/\/rdh-taxi.fr\/?page_id=2226\" \/>\n<meta property=\"og:locale\" content=\"fr_FR\" \/>\n<meta property=\"og:type\" content=\"article\" \/>\n<meta property=\"og:title\" content=\"Transport m\u00e9dical longue distance - RDH Taxi Ambilly\" \/>\n<meta property=\"og:description\" content=\"RDH Taxi met \u00e0 votre disposition ses v\u00e9hicules confortables et s\u00e9curitaires pour tout transport m\u00e9dical longue distance. Nos conducteurs sont \u00e0 votre service pour prendre en charge vos transferts m\u00e9dicaux sur toutes les distances, \u00e0 n\u2019importe quel moment de la journ\u00e9e. Parce que nous nous pr\u00e9occupons de votre sant\u00e9 et de votre prise en charge [&hellip;]\" \/>\n<meta property=\"og:url\" content=\"https:\/\/rdh-taxi.fr\/?page_id=2226\" \/>\n<meta property=\"og:site_name\" content=\"RDH Taxi Ambilly\" \/>\n<meta property=\"article:modified_time\" content=\"2022-10-20T09:07:32+00:00\" \/>\n<meta property=\"og:image\" content=\"https:\/\/rdh-taxi.fr\/wp-content\/uploads\/2022\/10\/mercedes-classev-300d-restyle-2019-01-1024x682.jpeg\" \/>\n<meta name=\"twitter:card\" content=\"summary_large_image\" \/>\n<meta name=\"twitter:label1\" content=\"Dur\u00e9e de lecture estim\u00e9e\" \/>\n\t<meta name=\"twitter:data1\" content=\"1 minute\" \/>\n<script type=\"application\/ld+json\" class=\"yoast-schema-graph\">{\"@context\":\"https:\/\/schema.org\",\"@graph\":[{\"@type\":\"WebPage\",\"@id\":\"https:\/\/rdh-taxi.fr\/?page_id=2226\",\"url\":\"https:\/\/rdh-taxi.fr\/?page_id=2226\",\"name\":\"Transport m\u00e9dical longue distance - RDH Taxi Ambilly\",\"isPartOf\":{\"@id\":\"https:\/\/rdh-taxi.fr\/#website\"},\"datePublished\":\"2022-10-19T14:23:01+00:00\",\"dateModified\":\"2022-10-20T09:07:32+00:00\",\"breadcrumb\":{\"@id\":\"https:\/\/rdh-taxi.fr\/?page_id=2226#breadcrumb\"},\"inLanguage\":\"fr-FR\",\"potentialAction\":[{\"@type\":\"ReadAction\",\"target\":[\"https:\/\/rdh-taxi.fr\/?page_id=2226\"]}]},{\"@type\":\"BreadcrumbList\",\"@id\":\"https:\/\/rdh-taxi.fr\/?page_id=2226#breadcrumb\",\"itemListElement\":[{\"@type\":\"ListItem\",\"position\":1,\"name\":\"Accueil\",\"item\":\"https:\/\/rdh-taxi.fr\/\"},{\"@type\":\"ListItem\",\"position\":2,\"name\":\"Transport m\u00e9dical longue distance\"}]},{\"@type\":\"WebSite\",\"@id\":\"https:\/\/rdh-taxi.fr\/#website\",\"url\":\"https:\/\/rdh-taxi.fr\/\",\"name\":\"RDH Taxi Ambilly\",\"description\":\"Toujours l\u00e0 pour vous ...\",\"publisher\":{\"@id\":\"https:\/\/rdh-taxi.fr\/#organization\"},\"potentialAction\":[{\"@type\":\"SearchAction\",\"target\":{\"@type\":\"EntryPoint\",\"urlTemplate\":\"https:\/\/rdh-taxi.fr\/?s={search_term_string}\"},\"query-input\":\"required name=search_term_string\"}],\"inLanguage\":\"fr-FR\"},{\"@type\":\"Organization\",\"@id\":\"https:\/\/rdh-taxi.fr\/#organization\",\"name\":\"RDH Taxi Ambilly\",\"url\":\"https:\/\/rdh-taxi.fr\/\",\"logo\":{\"@type\":\"ImageObject\",\"inLanguage\":\"fr-FR\",\"@id\":\"https:\/\/rdh-taxi.fr\/#\/schema\/logo\/image\/\",\"url\":\"https:\/\/rdh-taxi.fr\/wp-content\/uploads\/2022\/09\/cropped-cropped-logo-rdh-site-1.png\",\"contentUrl\":\"https:\/\/rdh-taxi.fr\/wp-content\/uploads\/2022\/09\/cropped-cropped-logo-rdh-site-1.png\",\"width\":250,\"height\":250,\"caption\":\"RDH Taxi Ambilly\"},\"image\":{\"@id\":\"https:\/\/rdh-taxi.fr\/#\/schema\/logo\/image\/\"}}]}<\/script>\n<!-- \/ Yoast SEO plugin. -->","yoast_head_json":{"title":"Transport m\u00e9dical longue distance - RDH Taxi Ambilly","robots":{"index":"index","follow":"follow","max-snippet":"max-snippet:-1","max-image-preview":"max-image-preview:large","max-video-preview":"max-video-preview:-1"},"canonical":"https:\/\/rdh-taxi.fr\/?page_id=2226","og_locale":"fr_FR","og_type":"article","og_title":"Transport m\u00e9dical longue distance - RDH Taxi Ambilly","og_description":"RDH Taxi met \u00e0 votre disposition ses v\u00e9hicules confortables et s\u00e9curitaires pour tout transport m\u00e9dical longue distance. Nos conducteurs sont \u00e0 votre service pour prendre en charge vos transferts m\u00e9dicaux sur toutes les distances, \u00e0 n\u2019importe quel moment de la journ\u00e9e. Parce que nous nous pr\u00e9occupons de votre sant\u00e9 et de votre prise en charge [&hellip;]","og_url":"https:\/\/rdh-taxi.fr\/?page_id=2226","og_site_name":"RDH Taxi Ambilly","article_modified_time":"2022-10-20T09:07:32+00:00","og_image":[{"url":"https:\/\/rdh-taxi.fr\/wp-content\/uploads\/2022\/10\/mercedes-classev-300d-restyle-2019-01-1024x682.jpeg"}],"twitter_card":"summary_large_image","twitter_misc":{"Dur\u00e9e de lecture estim\u00e9e":"1 minute"},"schema":{"@context":"https:\/\/schema.org","@graph":[{"@type":"WebPage","@id":"https:\/\/rdh-taxi.fr\/?page_id=2226","url":"https:\/\/rdh-taxi.fr\/?page_id=2226","name":"Transport m\u00e9dical longue distance - RDH Taxi Ambilly","isPartOf":{"@id":"https:\/\/rdh-taxi.fr\/#website"},"datePublished":"2022-10-19T14:23:01+00:00","dateModified":"2022-10-20T09:07:32+00:00","breadcrumb":{"@id":"https:\/\/rdh-taxi.fr\/?page_id=2226#breadcrumb"},"inLanguage":"fr-FR","potentialAction":[{"@type":"ReadAction","target":["https:\/\/rdh-taxi.fr\/?page_id=2226"]}]},{"@type":"BreadcrumbList","@id":"https:\/\/rdh-taxi.fr\/?page_id=2226#breadcrumb","itemListElement":[{"@type":"ListItem","position":1,"name":"Accueil","item":"https:\/\/rdh-taxi.fr\/"},{"@type":"ListItem","position":2,"name":"Transport m\u00e9dical longue distance"}]},{"@type":"WebSite","@id":"https:\/\/rdh-taxi.fr\/#website","url":"https:\/\/rdh-taxi.fr\/","name":"RDH Taxi Ambilly","description":"Toujours l\u00e0 pour vous ...","publisher":{"@id":"https:\/\/rdh-taxi.fr\/#organization"},"potentialAction":[{"@type":"SearchAction","target":{"@type":"EntryPoint","urlTemplate":"https:\/\/rdh-taxi.fr\/?s={search_term_string}"},"query-input":"required name=search_term_string"}],"inLanguage":"fr-FR"},{"@type":"Organization","@id":"https:\/\/rdh-taxi.fr\/#organization","name":"RDH Taxi Ambilly","url":"https:\/\/rdh-taxi.fr\/","logo":{"@type":"ImageObject","inLanguage":"fr-FR","@id":"https:\/\/rdh-taxi.fr\/#\/schema\/logo\/image\/","url":"https:\/\/rdh-taxi.fr\/wp-content\/uploads\/2022\/09\/cropped-cropped-logo-rdh-site-1.png","contentUrl":"https:\/\/rdh-taxi.fr\/wp-content\/uploads\/2022\/09\/cropped-cropped-logo-rdh-site-1.png","width":250,"height":250,"caption":"RDH Taxi Ambilly"},"image":{"@id":"https:\/\/rdh-taxi.fr\/#\/schema\/logo\/image\/"}}]}},"_links":{"self":[{"href":"https:\/\/rdh-taxi.fr\/index.php?rest_route=\/wp\/v2\/pages\/2226","targetHints":{"allow":["GET"]}}],"collection":[{"href":"https:\/\/rdh-taxi.fr\/index.php?rest_route=\/wp\/v2\/pages"}],"about":[{"href":"https:\/\/rdh-taxi.fr\/index.php?rest_route=\/wp\/v2\/types\/page"}],"author":[{"embeddable":true,"href":"https:\/\/rdh-taxi.fr\/index.php?rest_route=\/wp\/v2\/users\/1"}],"replies":[{"embeddable":true,"href":"https:\/\/rdh-taxi.fr\/index.php?rest_route=%2Fwp%2Fv2%2Fcomments&post=2226"}],"version-history":[{"count":32,"href":"https:\/\/rdh-taxi.fr\/index.php?rest_route=\/wp\/v2\/pages\/2226\/revisions"}],"predecessor-version":[{"id":2347,"href":"https:\/\/rdh-taxi.fr\/index.php?rest_route=\/wp\/v2\/pages\/2226\/revisions\/2347"}],"wp:attachment":[{"href":"https:\/\/rdh-taxi.fr\/index.php?rest_route=%2Fwp%2Fv2%2Fmedia&parent=2226"}],"curies":[{"name":"wp","href":"https:\/\/api.w.org\/{rel}","templated":true}]}}