{"id":2231,"date":"2022-10-19T16:23:23","date_gmt":"2022-10-19T14:23:23","guid":{"rendered":"https:\/\/rdh-taxi.fr\/?page_id=2231"},"modified":"2022-10-20T11:50:15","modified_gmt":"2022-10-20T09:50:15","slug":"elementor-2231","status":"publish","type":"page","link":"https:\/\/rdh-taxi.fr\/?page_id=2231","title":{"rendered":"Taxi a\u00e9roport"},"content":{"rendered":"\t\t<div data-elementor-type=\"wp-page\" data-elementor-id=\"2231\" class=\"elementor elementor-2231\">\n\t\t\t\t\t\t\t\t\t<section class=\"elementor-section elementor-top-section elementor-element elementor-element-ed9adde elementor-section-boxed elementor-section-height-default elementor-section-height-default\" data-id=\"ed9adde\" data-element_type=\"section\">\n\t\t\t\t\t\t<div class=\"elementor-container elementor-column-gap-default\">\n\t\t\t\t\t<div class=\"elementor-column elementor-col-50 elementor-top-column elementor-element elementor-element-1169c69\" data-id=\"1169c69\" data-element_type=\"column\">\n\t\t\t<div class=\"elementor-widget-wrap elementor-element-populated\">\n\t\t\t\t\t\t\t\t<div class=\"elementor-element elementor-element-3fa93d5 elementor-widget elementor-widget-spacer\" data-id=\"3fa93d5\" data-element_type=\"widget\" data-widget_type=\"spacer.default\">\n\t\t\t\t<div class=\"elementor-widget-container\">\n\t\t\t<style>\/*! elementor - v3.14.0 - 26-06-2023 *\/\n.elementor-column .elementor-spacer-inner{height:var(--spacer-size)}.e-con{--container-widget-width:100%}.e-con-inner>.elementor-widget-spacer,.e-con>.elementor-widget-spacer{width:var(--container-widget-width,var(--spacer-size));--align-self:var(--container-widget-align-self,initial);--flex-shrink:0}.e-con-inner>.elementor-widget-spacer>.elementor-widget-container,.e-con-inner>.elementor-widget-spacer>.elementor-widget-container>.elementor-spacer,.e-con>.elementor-widget-spacer>.elementor-widget-container,.e-con>.elementor-widget-spacer>.elementor-widget-container>.elementor-spacer{height:100%}.e-con-inner>.elementor-widget-spacer>.elementor-widget-container>.elementor-spacer>.elementor-spacer-inner,.e-con>.elementor-widget-spacer>.elementor-widget-container>.elementor-spacer>.elementor-spacer-inner{height:var(--container-widget-height,var(--spacer-size))}<\/style>\t\t<div class=\"elementor-spacer\">\n\t\t\t<div class=\"elementor-spacer-inner\"><\/div>\n\t\t<\/div>\n\t\t\t\t<\/div>\n\t\t\t\t<\/div>\n\t\t\t\t<div class=\"elementor-element elementor-element-007f6e8 elementor-widget elementor-widget-image\" data-id=\"007f6e8\" data-element_type=\"widget\" data-widget_type=\"image.default\">\n\t\t\t\t<div class=\"elementor-widget-container\">\n\t\t\t<style>\/*! elementor - v3.14.0 - 26-06-2023 *\/\n.elementor-widget-image{text-align:center}.elementor-widget-image a{display:inline-block}.elementor-widget-image a img[src$=\".svg\"]{width:48px}.elementor-widget-image img{vertical-align:middle;display:inline-block}<\/style>\t\t\t\t\t\t\t\t\t\t\t\t<img loading=\"lazy\" decoding=\"async\" width=\"525\" height=\"295\" src=\"https:\/\/rdh-taxi.fr\/wp-content\/uploads\/2022\/10\/5ec9743987d97-1024x576.jpeg\" class=\"attachment-large size-large wp-image-2019\" alt=\"\" srcset=\"https:\/\/rdh-taxi.fr\/wp-content\/uploads\/2022\/10\/5ec9743987d97-1024x576.jpeg 1024w, https:\/\/rdh-taxi.fr\/wp-content\/uploads\/2022\/10\/5ec9743987d97-300x169.jpeg 300w, https:\/\/rdh-taxi.fr\/wp-content\/uploads\/2022\/10\/5ec9743987d97-768x432.jpeg 768w, https:\/\/rdh-taxi.fr\/wp-content\/uploads\/2022\/10\/5ec9743987d97-1536x864.jpeg 1536w, https:\/\/rdh-taxi.fr\/wp-content\/uploads\/2022\/10\/5ec9743987d97-2048x1152.jpeg 2048w, https:\/\/rdh-taxi.fr\/wp-content\/uploads\/2022\/10\/5ec9743987d97-600x338.jpeg 600w\" sizes=\"auto, (max-width: 525px) 100vw, 525px\" \/>\t\t\t\t\t\t\t\t\t\t\t\t\t\t\t<\/div>\n\t\t\t\t<\/div>\n\t\t\t\t\t<\/div>\n\t\t<\/div>\n\t\t\t\t<div class=\"elementor-column elementor-col-50 elementor-top-column elementor-element elementor-element-398a438\" data-id=\"398a438\" data-element_type=\"column\">\n\t\t\t<div class=\"elementor-widget-wrap elementor-element-populated\">\n\t\t\t\t\t\t\t\t<div class=\"elementor-element elementor-element-2e9ee37 elementor-widget elementor-widget-text-editor\" data-id=\"2e9ee37\" data-element_type=\"widget\" data-widget_type=\"text-editor.default\">\n\t\t\t\t<div class=\"elementor-widget-container\">\n\t\t\t<style>\/*! elementor - v3.14.0 - 26-06-2023 *\/\n.elementor-widget-text-editor.elementor-drop-cap-view-stacked .elementor-drop-cap{background-color:#69727d;color:#fff}.elementor-widget-text-editor.elementor-drop-cap-view-framed .elementor-drop-cap{color:#69727d;border:3px solid;background-color:transparent}.elementor-widget-text-editor:not(.elementor-drop-cap-view-default) .elementor-drop-cap{margin-top:8px}.elementor-widget-text-editor:not(.elementor-drop-cap-view-default) .elementor-drop-cap-letter{width:1em;height:1em}.elementor-widget-text-editor .elementor-drop-cap{float:left;text-align:center;line-height:1;font-size:50px}.elementor-widget-text-editor .elementor-drop-cap-letter{display:inline-block}<\/style>\t\t\t\t<p>Nous prenons en charge vos transferts \u00e0 l\u2019a\u00e9roport dans le respect de l\u2019art, vers et depuis l\u2019a\u00e9roport international de Gen\u00e8ve, Lyon Saint-Exup\u00e9ry\u2026 ou Zurich. Nous rendons votre transfert le plus simple possible, tout en ajustant les horaires de rencontre en fonction du temps de vol estim\u00e9. Nos conducteurs sont comp\u00e9tents et vous garantissent un agr\u00e9able voyage. N\u2019oubliez pas de nous indiquer le num\u00e9ro de vol lors de la r\u00e9servation ! Un taxi est \u00e0 votre service pour r\u00e9server un transfert en toute s\u00e9curit\u00e9, \u00e0 l\u2019heure id\u00e9ale pour votre vol. \u00c0 l\u2019atterrissage, il vous attendra montrant une pancarte personnalis\u00e9e avec votre nom ou celui de votre entreprise si vous le souhaitez.<br \/>Si vous avez besoin de rejoindre ou de revenir d\u2019un des a\u00e9roports de France comme Lyon ou Marseille, ou de Suisse (a\u00e9roport de Gen\u00e8ve ou Zurich), vous pouvez obtenir le soutien logistique n\u00e9cessaire en contactant notre agence de transport sp\u00e9cialis\u00e9e. Notre soci\u00e9t\u00e9 de taxis vous proposera non seulement des voitures fiables et bien entretenues, mais aussi et surtout un chauffeur de taxi sympathique et ponctuel.<\/p>\t\t\t\t\t\t<\/div>\n\t\t\t\t<\/div>\n\t\t\t\t\t<\/div>\n\t\t<\/div>\n\t\t\t\t\t\t\t<\/div>\n\t\t<\/section>\n\t\t\t\t\t\t\t<\/div>\n\t\t","protected":false},"excerpt":{"rendered":"<p>Nous prenons en charge vos transferts \u00e0 l\u2019a\u00e9roport dans le respect de l\u2019art, vers et depuis l\u2019a\u00e9roport international de Gen\u00e8ve, Lyon Saint-Exup\u00e9ry\u2026 ou Zurich. Nous rendons votre transfert le plus simple possible, tout en ajustant les horaires de rencontre en fonction du temps de vol estim\u00e9. Nos conducteurs sont comp\u00e9tents et vous garantissent un agr\u00e9able [&hellip;]<\/p>\n","protected":false},"author":1,"featured_media":0,"parent":0,"menu_order":0,"comment_status":"closed","ping_status":"closed","template":"","meta":{"footnotes":""},"class_list":["post-2231","page","type-page","status-publish","hentry"],"yoast_head":"<!-- This site is optimized with the Yoast SEO plugin v20.9 - https:\/\/yoast.com\/wordpress\/plugins\/seo\/ -->\n<title>Taxi a\u00e9roport - RDH Taxi Ambilly<\/title>\n<meta name=\"robots\" content=\"index, follow, max-snippet:-1, max-image-preview:large, max-video-preview:-1\" \/>\n<link rel=\"canonical\" href=\"https:\/\/rdh-taxi.fr\/?page_id=2231\" \/>\n<meta property=\"og:locale\" content=\"fr_FR\" \/>\n<meta property=\"og:type\" content=\"article\" \/>\n<meta property=\"og:title\" content=\"Taxi a\u00e9roport - RDH Taxi Ambilly\" \/>\n<meta property=\"og:description\" content=\"Nous prenons en charge vos transferts \u00e0 l\u2019a\u00e9roport dans le respect de l\u2019art, vers et depuis l\u2019a\u00e9roport international de Gen\u00e8ve, Lyon Saint-Exup\u00e9ry\u2026 ou Zurich. Nous rendons votre transfert le plus simple possible, tout en ajustant les horaires de rencontre en fonction du temps de vol estim\u00e9. Nos conducteurs sont comp\u00e9tents et vous garantissent un agr\u00e9able [&hellip;]\" \/>\n<meta property=\"og:url\" content=\"https:\/\/rdh-taxi.fr\/?page_id=2231\" \/>\n<meta property=\"og:site_name\" content=\"RDH Taxi Ambilly\" \/>\n<meta property=\"article:modified_time\" content=\"2022-10-20T09:50:15+00:00\" \/>\n<meta property=\"og:image\" content=\"https:\/\/rdh-taxi.fr\/wp-content\/uploads\/2022\/10\/5ec9743987d97-1024x576.jpeg\" \/>\n<meta name=\"twitter:card\" content=\"summary_large_image\" \/>\n<meta name=\"twitter:label1\" content=\"Dur\u00e9e de lecture estim\u00e9e\" \/>\n\t<meta name=\"twitter:data1\" content=\"1 minute\" \/>\n<script type=\"application\/ld+json\" class=\"yoast-schema-graph\">{\"@context\":\"https:\/\/schema.org\",\"@graph\":[{\"@type\":\"WebPage\",\"@id\":\"https:\/\/rdh-taxi.fr\/?page_id=2231\",\"url\":\"https:\/\/rdh-taxi.fr\/?page_id=2231\",\"name\":\"Taxi a\u00e9roport - RDH Taxi Ambilly\",\"isPartOf\":{\"@id\":\"https:\/\/rdh-taxi.fr\/#website\"},\"datePublished\":\"2022-10-19T14:23:23+00:00\",\"dateModified\":\"2022-10-20T09:50:15+00:00\",\"breadcrumb\":{\"@id\":\"https:\/\/rdh-taxi.fr\/?page_id=2231#breadcrumb\"},\"inLanguage\":\"fr-FR\",\"potentialAction\":[{\"@type\":\"ReadAction\",\"target\":[\"https:\/\/rdh-taxi.fr\/?page_id=2231\"]}]},{\"@type\":\"BreadcrumbList\",\"@id\":\"https:\/\/rdh-taxi.fr\/?page_id=2231#breadcrumb\",\"itemListElement\":[{\"@type\":\"ListItem\",\"position\":1,\"name\":\"Accueil\",\"item\":\"https:\/\/rdh-taxi.fr\/\"},{\"@type\":\"ListItem\",\"position\":2,\"name\":\"Taxi a\u00e9roport\"}]},{\"@type\":\"WebSite\",\"@id\":\"https:\/\/rdh-taxi.fr\/#website\",\"url\":\"https:\/\/rdh-taxi.fr\/\",\"name\":\"RDH Taxi Ambilly\",\"description\":\"Toujours l\u00e0 pour vous ...\",\"publisher\":{\"@id\":\"https:\/\/rdh-taxi.fr\/#organization\"},\"potentialAction\":[{\"@type\":\"SearchAction\",\"target\":{\"@type\":\"EntryPoint\",\"urlTemplate\":\"https:\/\/rdh-taxi.fr\/?s={search_term_string}\"},\"query-input\":\"required name=search_term_string\"}],\"inLanguage\":\"fr-FR\"},{\"@type\":\"Organization\",\"@id\":\"https:\/\/rdh-taxi.fr\/#organization\",\"name\":\"RDH Taxi Ambilly\",\"url\":\"https:\/\/rdh-taxi.fr\/\",\"logo\":{\"@type\":\"ImageObject\",\"inLanguage\":\"fr-FR\",\"@id\":\"https:\/\/rdh-taxi.fr\/#\/schema\/logo\/image\/\",\"url\":\"https:\/\/rdh-taxi.fr\/wp-content\/uploads\/2022\/09\/cropped-cropped-logo-rdh-site-1.png\",\"contentUrl\":\"https:\/\/rdh-taxi.fr\/wp-content\/uploads\/2022\/09\/cropped-cropped-logo-rdh-site-1.png\",\"width\":250,\"height\":250,\"caption\":\"RDH Taxi Ambilly\"},\"image\":{\"@id\":\"https:\/\/rdh-taxi.fr\/#\/schema\/logo\/image\/\"}}]}<\/script>\n<!-- \/ Yoast SEO plugin. -->","yoast_head_json":{"title":"Taxi a\u00e9roport - RDH Taxi Ambilly","robots":{"index":"index","follow":"follow","max-snippet":"max-snippet:-1","max-image-preview":"max-image-preview:large","max-video-preview":"max-video-preview:-1"},"canonical":"https:\/\/rdh-taxi.fr\/?page_id=2231","og_locale":"fr_FR","og_type":"article","og_title":"Taxi a\u00e9roport - RDH Taxi Ambilly","og_description":"Nous prenons en charge vos transferts \u00e0 l\u2019a\u00e9roport dans le respect de l\u2019art, vers et depuis l\u2019a\u00e9roport international de Gen\u00e8ve, Lyon Saint-Exup\u00e9ry\u2026 ou Zurich. Nous rendons votre transfert le plus simple possible, tout en ajustant les horaires de rencontre en fonction du temps de vol estim\u00e9. Nos conducteurs sont comp\u00e9tents et vous garantissent un agr\u00e9able [&hellip;]","og_url":"https:\/\/rdh-taxi.fr\/?page_id=2231","og_site_name":"RDH Taxi Ambilly","article_modified_time":"2022-10-20T09:50:15+00:00","og_image":[{"url":"https:\/\/rdh-taxi.fr\/wp-content\/uploads\/2022\/10\/5ec9743987d97-1024x576.jpeg"}],"twitter_card":"summary_large_image","twitter_misc":{"Dur\u00e9e de lecture estim\u00e9e":"1 minute"},"schema":{"@context":"https:\/\/schema.org","@graph":[{"@type":"WebPage","@id":"https:\/\/rdh-taxi.fr\/?page_id=2231","url":"https:\/\/rdh-taxi.fr\/?page_id=2231","name":"Taxi a\u00e9roport - RDH Taxi Ambilly","isPartOf":{"@id":"https:\/\/rdh-taxi.fr\/#website"},"datePublished":"2022-10-19T14:23:23+00:00","dateModified":"2022-10-20T09:50:15+00:00","breadcrumb":{"@id":"https:\/\/rdh-taxi.fr\/?page_id=2231#breadcrumb"},"inLanguage":"fr-FR","potentialAction":[{"@type":"ReadAction","target":["https:\/\/rdh-taxi.fr\/?page_id=2231"]}]},{"@type":"BreadcrumbList","@id":"https:\/\/rdh-taxi.fr\/?page_id=2231#breadcrumb","itemListElement":[{"@type":"ListItem","position":1,"name":"Accueil","item":"https:\/\/rdh-taxi.fr\/"},{"@type":"ListItem","position":2,"name":"Taxi a\u00e9roport"}]},{"@type":"WebSite","@id":"https:\/\/rdh-taxi.fr\/#website","url":"https:\/\/rdh-taxi.fr\/","name":"RDH Taxi Ambilly","description":"Toujours l\u00e0 pour vous ...","publisher":{"@id":"https:\/\/rdh-taxi.fr\/#organization"},"potentialAction":[{"@type":"SearchAction","target":{"@type":"EntryPoint","urlTemplate":"https:\/\/rdh-taxi.fr\/?s={search_term_string}"},"query-input":"required name=search_term_string"}],"inLanguage":"fr-FR"},{"@type":"Organization","@id":"https:\/\/rdh-taxi.fr\/#organization","name":"RDH Taxi Ambilly","url":"https:\/\/rdh-taxi.fr\/","logo":{"@type":"ImageObject","inLanguage":"fr-FR","@id":"https:\/\/rdh-taxi.fr\/#\/schema\/logo\/image\/","url":"https:\/\/rdh-taxi.fr\/wp-content\/uploads\/2022\/09\/cropped-cropped-logo-rdh-site-1.png","contentUrl":"https:\/\/rdh-taxi.fr\/wp-content\/uploads\/2022\/09\/cropped-cropped-logo-rdh-site-1.png","width":250,"height":250,"caption":"RDH Taxi Ambilly"},"image":{"@id":"https:\/\/rdh-taxi.fr\/#\/schema\/logo\/image\/"}}]}},"_links":{"self":[{"href":"https:\/\/rdh-taxi.fr\/index.php?rest_route=\/wp\/v2\/pages\/2231","targetHints":{"allow":["GET"]}}],"collection":[{"href":"https:\/\/rdh-taxi.fr\/index.php?rest_route=\/wp\/v2\/pages"}],"about":[{"href":"https:\/\/rdh-taxi.fr\/index.php?rest_route=\/wp\/v2\/types\/page"}],"author":[{"embeddable":true,"href":"https:\/\/rdh-taxi.fr\/index.php?rest_route=\/wp\/v2\/users\/1"}],"replies":[{"embeddable":true,"href":"https:\/\/rdh-taxi.fr\/index.php?rest_route=%2Fwp%2Fv2%2Fcomments&post=2231"}],"version-history":[{"count":17,"href":"https:\/\/rdh-taxi.fr\/index.php?rest_route=\/wp\/v2\/pages\/2231\/revisions"}],"predecessor-version":[{"id":2423,"href":"https:\/\/rdh-taxi.fr\/index.php?rest_route=\/wp\/v2\/pages\/2231\/revisions\/2423"}],"wp:attachment":[{"href":"https:\/\/rdh-taxi.fr\/index.php?rest_route=%2Fwp%2Fv2%2Fmedia&parent=2231"}],"curies":[{"name":"wp","href":"https:\/\/api.w.org\/{rel}","templated":true}]}}