{"id":2237,"date":"2022-10-19T16:30:02","date_gmt":"2022-10-19T14:30:02","guid":{"rendered":"https:\/\/rdh-taxi.fr\/?page_id=2237"},"modified":"2022-10-20T11:48:30","modified_gmt":"2022-10-20T09:48:30","slug":"elementor-2237","status":"publish","type":"page","link":"https:\/\/rdh-taxi.fr\/?page_id=2237","title":{"rendered":"Taxi assistance"},"content":{"rendered":"\t\t<div data-elementor-type=\"wp-page\" data-elementor-id=\"2237\" class=\"elementor elementor-2237\">\n\t\t\t\t\t\t\t\t\t<section class=\"elementor-section elementor-top-section elementor-element elementor-element-ae7576d elementor-section-boxed elementor-section-height-default elementor-section-height-default\" data-id=\"ae7576d\" data-element_type=\"section\">\n\t\t\t\t\t\t<div class=\"elementor-container elementor-column-gap-default\">\n\t\t\t\t\t<div class=\"elementor-column elementor-col-50 elementor-top-column elementor-element elementor-element-3af0637\" data-id=\"3af0637\" data-element_type=\"column\">\n\t\t\t<div class=\"elementor-widget-wrap elementor-element-populated\">\n\t\t\t\t\t\t\t\t<div class=\"elementor-element elementor-element-a9833a9 elementor-widget elementor-widget-image\" data-id=\"a9833a9\" data-element_type=\"widget\" data-widget_type=\"image.default\">\n\t\t\t\t<div class=\"elementor-widget-container\">\n\t\t\t<style>\/*! elementor - v3.14.0 - 26-06-2023 *\/\n.elementor-widget-image{text-align:center}.elementor-widget-image a{display:inline-block}.elementor-widget-image a img[src$=\".svg\"]{width:48px}.elementor-widget-image img{vertical-align:middle;display:inline-block}<\/style>\t\t\t\t\t\t\t\t\t\t\t\t<img loading=\"lazy\" decoding=\"async\" width=\"525\" height=\"351\" src=\"https:\/\/rdh-taxi.fr\/wp-content\/uploads\/2022\/10\/assistance-taxi-scaled-1-1024x684.jpeg\" class=\"attachment-large size-large wp-image-1925\" alt=\"\" srcset=\"https:\/\/rdh-taxi.fr\/wp-content\/uploads\/2022\/10\/assistance-taxi-scaled-1-1024x684.jpeg 1024w, https:\/\/rdh-taxi.fr\/wp-content\/uploads\/2022\/10\/assistance-taxi-scaled-1-300x200.jpeg 300w, https:\/\/rdh-taxi.fr\/wp-content\/uploads\/2022\/10\/assistance-taxi-scaled-1-768x513.jpeg 768w, https:\/\/rdh-taxi.fr\/wp-content\/uploads\/2022\/10\/assistance-taxi-scaled-1-1536x1025.jpeg 1536w, https:\/\/rdh-taxi.fr\/wp-content\/uploads\/2022\/10\/assistance-taxi-scaled-1-2048x1367.jpeg 2048w, https:\/\/rdh-taxi.fr\/wp-content\/uploads\/2022\/10\/assistance-taxi-scaled-1-600x401.jpeg 600w\" sizes=\"auto, (max-width: 525px) 100vw, 525px\" \/>\t\t\t\t\t\t\t\t\t\t\t\t\t\t\t<\/div>\n\t\t\t\t<\/div>\n\t\t\t\t\t<\/div>\n\t\t<\/div>\n\t\t\t\t<div class=\"elementor-column elementor-col-50 elementor-top-column elementor-element elementor-element-cefbc4b\" data-id=\"cefbc4b\" data-element_type=\"column\">\n\t\t\t<div class=\"elementor-widget-wrap elementor-element-populated\">\n\t\t\t\t\t\t\t\t<div class=\"elementor-element elementor-element-6d86aac elementor-widget elementor-widget-text-editor\" data-id=\"6d86aac\" data-element_type=\"widget\" data-widget_type=\"text-editor.default\">\n\t\t\t\t<div class=\"elementor-widget-container\">\n\t\t\t<style>\/*! elementor - v3.14.0 - 26-06-2023 *\/\n.elementor-widget-text-editor.elementor-drop-cap-view-stacked .elementor-drop-cap{background-color:#69727d;color:#fff}.elementor-widget-text-editor.elementor-drop-cap-view-framed .elementor-drop-cap{color:#69727d;border:3px solid;background-color:transparent}.elementor-widget-text-editor:not(.elementor-drop-cap-view-default) .elementor-drop-cap{margin-top:8px}.elementor-widget-text-editor:not(.elementor-drop-cap-view-default) .elementor-drop-cap-letter{width:1em;height:1em}.elementor-widget-text-editor .elementor-drop-cap{float:left;text-align:center;line-height:1;font-size:50px}.elementor-widget-text-editor .elementor-drop-cap-letter{display:inline-block}<\/style>\t\t\t\tBesoin d\u2019un taxi assistance en Haute-Savoie ?\n\nNous mettons \u00e0 votre disposition un v\u00e9hicule avec chauffeur durant votre d\u00e9pannage automobile. Ceci \u00e0 tout moment, 24 heures sur 24 et 7 jours sur 7. Vous pouvez nous contacter imm\u00e9diatement par t\u00e9l\u00e9phone. Nous vous enverrons un taxi dans les plus brefs d\u00e9lais. Chez RDH Taxi \u00e0 Ambilly, nous savons que parfois des probl\u00e8mes peuvent survenir avec votre v\u00e9hicule de mani\u00e8re inattendue. En cas de panne ou d\u2019accident, le d\u00e9pannage de votre v\u00e9hicule peut \u00eatre pris en charge par votre assurance. Nos taxis vous ram\u00e8neront chez vous ou \u00e0 votre travail en toute s\u00e9curit\u00e9. Notre objectif principal est de fournir un service professionnel, s\u00fbr, efficace et convivial.\t\t\t\t\t\t<\/div>\n\t\t\t\t<\/div>\n\t\t\t\t\t<\/div>\n\t\t<\/div>\n\t\t\t\t\t\t\t<\/div>\n\t\t<\/section>\n\t\t\t\t\t\t\t<\/div>\n\t\t","protected":false},"excerpt":{"rendered":"<p>Besoin d\u2019un taxi assistance en Haute-Savoie ? Nous mettons \u00e0 votre disposition un v\u00e9hicule avec chauffeur durant votre d\u00e9pannage automobile. Ceci \u00e0 tout moment, 24 heures sur 24 et 7 jours sur 7. Vous pouvez nous contacter imm\u00e9diatement par t\u00e9l\u00e9phone. Nous vous enverrons un taxi dans les plus brefs d\u00e9lais. Chez RDH Taxi \u00e0 Ambilly, [&hellip;]<\/p>\n","protected":false},"author":1,"featured_media":0,"parent":0,"menu_order":0,"comment_status":"closed","ping_status":"closed","template":"","meta":{"footnotes":""},"class_list":["post-2237","page","type-page","status-publish","hentry"],"yoast_head":"<!-- This site is optimized with the Yoast SEO plugin v20.9 - https:\/\/yoast.com\/wordpress\/plugins\/seo\/ -->\n<title>Taxi assistance - RDH Taxi Ambilly<\/title>\n<meta name=\"robots\" content=\"index, follow, max-snippet:-1, max-image-preview:large, max-video-preview:-1\" \/>\n<link rel=\"canonical\" href=\"https:\/\/rdh-taxi.fr\/?page_id=2237\" \/>\n<meta property=\"og:locale\" content=\"fr_FR\" \/>\n<meta property=\"og:type\" content=\"article\" \/>\n<meta property=\"og:title\" content=\"Taxi assistance - RDH Taxi Ambilly\" \/>\n<meta property=\"og:description\" content=\"Besoin d\u2019un taxi assistance en Haute-Savoie ? Nous mettons \u00e0 votre disposition un v\u00e9hicule avec chauffeur durant votre d\u00e9pannage automobile. Ceci \u00e0 tout moment, 24 heures sur 24 et 7 jours sur 7. Vous pouvez nous contacter imm\u00e9diatement par t\u00e9l\u00e9phone. Nous vous enverrons un taxi dans les plus brefs d\u00e9lais. Chez RDH Taxi \u00e0 Ambilly, [&hellip;]\" \/>\n<meta property=\"og:url\" content=\"https:\/\/rdh-taxi.fr\/?page_id=2237\" \/>\n<meta property=\"og:site_name\" content=\"RDH Taxi Ambilly\" \/>\n<meta property=\"article:modified_time\" content=\"2022-10-20T09:48:30+00:00\" \/>\n<meta property=\"og:image\" content=\"https:\/\/rdh-taxi.fr\/wp-content\/uploads\/2022\/10\/assistance-taxi-scaled-1-1024x684.jpeg\" \/>\n<meta name=\"twitter:card\" content=\"summary_large_image\" \/>\n<meta name=\"twitter:label1\" content=\"Dur\u00e9e de lecture estim\u00e9e\" \/>\n\t<meta name=\"twitter:data1\" content=\"1 minute\" \/>\n<script type=\"application\/ld+json\" class=\"yoast-schema-graph\">{\"@context\":\"https:\/\/schema.org\",\"@graph\":[{\"@type\":\"WebPage\",\"@id\":\"https:\/\/rdh-taxi.fr\/?page_id=2237\",\"url\":\"https:\/\/rdh-taxi.fr\/?page_id=2237\",\"name\":\"Taxi assistance - RDH Taxi Ambilly\",\"isPartOf\":{\"@id\":\"https:\/\/rdh-taxi.fr\/#website\"},\"datePublished\":\"2022-10-19T14:30:02+00:00\",\"dateModified\":\"2022-10-20T09:48:30+00:00\",\"breadcrumb\":{\"@id\":\"https:\/\/rdh-taxi.fr\/?page_id=2237#breadcrumb\"},\"inLanguage\":\"fr-FR\",\"potentialAction\":[{\"@type\":\"ReadAction\",\"target\":[\"https:\/\/rdh-taxi.fr\/?page_id=2237\"]}]},{\"@type\":\"BreadcrumbList\",\"@id\":\"https:\/\/rdh-taxi.fr\/?page_id=2237#breadcrumb\",\"itemListElement\":[{\"@type\":\"ListItem\",\"position\":1,\"name\":\"Accueil\",\"item\":\"https:\/\/rdh-taxi.fr\/\"},{\"@type\":\"ListItem\",\"position\":2,\"name\":\"Taxi assistance\"}]},{\"@type\":\"WebSite\",\"@id\":\"https:\/\/rdh-taxi.fr\/#website\",\"url\":\"https:\/\/rdh-taxi.fr\/\",\"name\":\"RDH Taxi Ambilly\",\"description\":\"Toujours l\u00e0 pour vous ...\",\"publisher\":{\"@id\":\"https:\/\/rdh-taxi.fr\/#organization\"},\"potentialAction\":[{\"@type\":\"SearchAction\",\"target\":{\"@type\":\"EntryPoint\",\"urlTemplate\":\"https:\/\/rdh-taxi.fr\/?s={search_term_string}\"},\"query-input\":\"required name=search_term_string\"}],\"inLanguage\":\"fr-FR\"},{\"@type\":\"Organization\",\"@id\":\"https:\/\/rdh-taxi.fr\/#organization\",\"name\":\"RDH Taxi Ambilly\",\"url\":\"https:\/\/rdh-taxi.fr\/\",\"logo\":{\"@type\":\"ImageObject\",\"inLanguage\":\"fr-FR\",\"@id\":\"https:\/\/rdh-taxi.fr\/#\/schema\/logo\/image\/\",\"url\":\"https:\/\/rdh-taxi.fr\/wp-content\/uploads\/2022\/09\/cropped-cropped-logo-rdh-site-1.png\",\"contentUrl\":\"https:\/\/rdh-taxi.fr\/wp-content\/uploads\/2022\/09\/cropped-cropped-logo-rdh-site-1.png\",\"width\":250,\"height\":250,\"caption\":\"RDH Taxi Ambilly\"},\"image\":{\"@id\":\"https:\/\/rdh-taxi.fr\/#\/schema\/logo\/image\/\"}}]}<\/script>\n<!-- \/ Yoast SEO plugin. -->","yoast_head_json":{"title":"Taxi assistance - RDH Taxi Ambilly","robots":{"index":"index","follow":"follow","max-snippet":"max-snippet:-1","max-image-preview":"max-image-preview:large","max-video-preview":"max-video-preview:-1"},"canonical":"https:\/\/rdh-taxi.fr\/?page_id=2237","og_locale":"fr_FR","og_type":"article","og_title":"Taxi assistance - RDH Taxi Ambilly","og_description":"Besoin d\u2019un taxi assistance en Haute-Savoie ? Nous mettons \u00e0 votre disposition un v\u00e9hicule avec chauffeur durant votre d\u00e9pannage automobile. Ceci \u00e0 tout moment, 24 heures sur 24 et 7 jours sur 7. Vous pouvez nous contacter imm\u00e9diatement par t\u00e9l\u00e9phone. Nous vous enverrons un taxi dans les plus brefs d\u00e9lais. Chez RDH Taxi \u00e0 Ambilly, [&hellip;]","og_url":"https:\/\/rdh-taxi.fr\/?page_id=2237","og_site_name":"RDH Taxi Ambilly","article_modified_time":"2022-10-20T09:48:30+00:00","og_image":[{"url":"https:\/\/rdh-taxi.fr\/wp-content\/uploads\/2022\/10\/assistance-taxi-scaled-1-1024x684.jpeg"}],"twitter_card":"summary_large_image","twitter_misc":{"Dur\u00e9e de lecture estim\u00e9e":"1 minute"},"schema":{"@context":"https:\/\/schema.org","@graph":[{"@type":"WebPage","@id":"https:\/\/rdh-taxi.fr\/?page_id=2237","url":"https:\/\/rdh-taxi.fr\/?page_id=2237","name":"Taxi assistance - RDH Taxi Ambilly","isPartOf":{"@id":"https:\/\/rdh-taxi.fr\/#website"},"datePublished":"2022-10-19T14:30:02+00:00","dateModified":"2022-10-20T09:48:30+00:00","breadcrumb":{"@id":"https:\/\/rdh-taxi.fr\/?page_id=2237#breadcrumb"},"inLanguage":"fr-FR","potentialAction":[{"@type":"ReadAction","target":["https:\/\/rdh-taxi.fr\/?page_id=2237"]}]},{"@type":"BreadcrumbList","@id":"https:\/\/rdh-taxi.fr\/?page_id=2237#breadcrumb","itemListElement":[{"@type":"ListItem","position":1,"name":"Accueil","item":"https:\/\/rdh-taxi.fr\/"},{"@type":"ListItem","position":2,"name":"Taxi assistance"}]},{"@type":"WebSite","@id":"https:\/\/rdh-taxi.fr\/#website","url":"https:\/\/rdh-taxi.fr\/","name":"RDH Taxi Ambilly","description":"Toujours l\u00e0 pour vous ...","publisher":{"@id":"https:\/\/rdh-taxi.fr\/#organization"},"potentialAction":[{"@type":"SearchAction","target":{"@type":"EntryPoint","urlTemplate":"https:\/\/rdh-taxi.fr\/?s={search_term_string}"},"query-input":"required name=search_term_string"}],"inLanguage":"fr-FR"},{"@type":"Organization","@id":"https:\/\/rdh-taxi.fr\/#organization","name":"RDH Taxi Ambilly","url":"https:\/\/rdh-taxi.fr\/","logo":{"@type":"ImageObject","inLanguage":"fr-FR","@id":"https:\/\/rdh-taxi.fr\/#\/schema\/logo\/image\/","url":"https:\/\/rdh-taxi.fr\/wp-content\/uploads\/2022\/09\/cropped-cropped-logo-rdh-site-1.png","contentUrl":"https:\/\/rdh-taxi.fr\/wp-content\/uploads\/2022\/09\/cropped-cropped-logo-rdh-site-1.png","width":250,"height":250,"caption":"RDH Taxi Ambilly"},"image":{"@id":"https:\/\/rdh-taxi.fr\/#\/schema\/logo\/image\/"}}]}},"_links":{"self":[{"href":"https:\/\/rdh-taxi.fr\/index.php?rest_route=\/wp\/v2\/pages\/2237","targetHints":{"allow":["GET"]}}],"collection":[{"href":"https:\/\/rdh-taxi.fr\/index.php?rest_route=\/wp\/v2\/pages"}],"about":[{"href":"https:\/\/rdh-taxi.fr\/index.php?rest_route=\/wp\/v2\/types\/page"}],"author":[{"embeddable":true,"href":"https:\/\/rdh-taxi.fr\/index.php?rest_route=\/wp\/v2\/users\/1"}],"replies":[{"embeddable":true,"href":"https:\/\/rdh-taxi.fr\/index.php?rest_route=%2Fwp%2Fv2%2Fcomments&post=2237"}],"version-history":[{"count":11,"href":"https:\/\/rdh-taxi.fr\/index.php?rest_route=\/wp\/v2\/pages\/2237\/revisions"}],"predecessor-version":[{"id":2414,"href":"https:\/\/rdh-taxi.fr\/index.php?rest_route=\/wp\/v2\/pages\/2237\/revisions\/2414"}],"wp:attachment":[{"href":"https:\/\/rdh-taxi.fr\/index.php?rest_route=%2Fwp%2Fv2%2Fmedia&parent=2237"}],"curies":[{"name":"wp","href":"https:\/\/api.w.org\/{rel}","templated":true}]}}