{"id":2284,"date":"2022-10-20T10:08:16","date_gmt":"2022-10-20T08:08:16","guid":{"rendered":"https:\/\/rdh-taxi.fr\/?page_id=2284"},"modified":"2022-11-30T17:47:47","modified_gmt":"2022-11-30T15:47:47","slug":"mentions-legales","status":"publish","type":"page","link":"https:\/\/rdh-taxi.fr\/?page_id=2284","title":{"rendered":"Mentions l\u00e9gales"},"content":{"rendered":"<p>Situ\u00e9e \u00e0 Ambilly, en Haute-Savoie, RDH Taxi est une soci\u00e9t\u00e9 sp\u00e9cialis\u00e9e dans les transports et l\u2019activit\u00e9 de taxi.<\/p>\n<p><b>Soci\u00e9t\u00e9 \u00e9ditrice<\/b><\/p>\n<p>Khalid Rhazri<br \/>\n8 Impasse des Cyclamens<br \/>\n74930 Scientrier<\/p>\n<p>N\u00b0 de SIREN : 834381485<br \/>\nN\u00b0 de SIRET : 83438148500012<\/p>\n<p>T\u00e9l\u00e9phone : 06.68.53.02.65<br \/>\nE-mail : taxi.rdh@gmail.com<\/p>\n<p><b>R\u00e9alisation<\/b><br \/>\nEntreprises du L\u00e9man<br \/>\nE-mail : info@entreprisesduleman.com<br \/>\nWeb : www.entreprisesduleman.com<\/p>\n<p><b>URLS<br \/>\n<\/b><br \/>\nwww.rdh-taxi.fr<br \/>\nwww.rdh-taxi.com<\/p>\n<p><b>H\u00e9bergement<\/b><br \/>\nIonos<\/p>\n","protected":false},"excerpt":{"rendered":"<p>Situ\u00e9e \u00e0 Ambilly, en Haute-Savoie, RDH Taxi est une soci\u00e9t\u00e9 sp\u00e9cialis\u00e9e dans les transports et l\u2019activit\u00e9 de taxi. Soci\u00e9t\u00e9 \u00e9ditrice Khalid Rhazri 8 Impasse des Cyclamens 74930 Scientrier N\u00b0 de SIREN : 834381485 N\u00b0 de SIRET : 83438148500012 T\u00e9l\u00e9phone : 06.68.53.02.65 E-mail : taxi.rdh@gmail.com R\u00e9alisation Entreprises du L\u00e9man E-mail : info@entreprisesduleman.com Web : www.entreprisesduleman.com URLS [&hellip;]<\/p>\n","protected":false},"author":1,"featured_media":0,"parent":0,"menu_order":0,"comment_status":"closed","ping_status":"closed","template":"","meta":{"footnotes":""},"class_list":["post-2284","page","type-page","status-publish","hentry"],"yoast_head":"<!-- This site is optimized with the Yoast SEO plugin v20.9 - https:\/\/yoast.com\/wordpress\/plugins\/seo\/ -->\n<title>Mentions l\u00e9gales - RDH Taxi Ambilly<\/title>\n<meta name=\"robots\" content=\"index, follow, max-snippet:-1, max-image-preview:large, max-video-preview:-1\" \/>\n<link rel=\"canonical\" href=\"https:\/\/rdh-taxi.fr\/?page_id=2284\" \/>\n<meta property=\"og:locale\" content=\"fr_FR\" \/>\n<meta property=\"og:type\" content=\"article\" \/>\n<meta property=\"og:title\" content=\"Mentions l\u00e9gales - RDH Taxi Ambilly\" \/>\n<meta property=\"og:description\" content=\"Situ\u00e9e \u00e0 Ambilly, en Haute-Savoie, RDH Taxi est une soci\u00e9t\u00e9 sp\u00e9cialis\u00e9e dans les transports et l\u2019activit\u00e9 de taxi. Soci\u00e9t\u00e9 \u00e9ditrice Khalid Rhazri 8 Impasse des Cyclamens 74930 Scientrier N\u00b0 de SIREN : 834381485 N\u00b0 de SIRET : 83438148500012 T\u00e9l\u00e9phone : 06.68.53.02.65 E-mail : taxi.rdh@gmail.com R\u00e9alisation Entreprises du L\u00e9man E-mail : info@entreprisesduleman.com Web : www.entreprisesduleman.com URLS [&hellip;]\" \/>\n<meta property=\"og:url\" content=\"https:\/\/rdh-taxi.fr\/?page_id=2284\" \/>\n<meta property=\"og:site_name\" content=\"RDH Taxi Ambilly\" \/>\n<meta property=\"article:modified_time\" content=\"2022-11-30T15:47:47+00:00\" \/>\n<meta name=\"twitter:card\" content=\"summary_large_image\" \/>\n<meta name=\"twitter:label1\" content=\"Dur\u00e9e de lecture estim\u00e9e\" \/>\n\t<meta name=\"twitter:data1\" content=\"1 minute\" \/>\n<script type=\"application\/ld+json\" class=\"yoast-schema-graph\">{\"@context\":\"https:\/\/schema.org\",\"@graph\":[{\"@type\":\"WebPage\",\"@id\":\"https:\/\/rdh-taxi.fr\/?page_id=2284\",\"url\":\"https:\/\/rdh-taxi.fr\/?page_id=2284\",\"name\":\"Mentions l\u00e9gales - RDH Taxi Ambilly\",\"isPartOf\":{\"@id\":\"https:\/\/rdh-taxi.fr\/#website\"},\"datePublished\":\"2022-10-20T08:08:16+00:00\",\"dateModified\":\"2022-11-30T15:47:47+00:00\",\"breadcrumb\":{\"@id\":\"https:\/\/rdh-taxi.fr\/?page_id=2284#breadcrumb\"},\"inLanguage\":\"fr-FR\",\"potentialAction\":[{\"@type\":\"ReadAction\",\"target\":[\"https:\/\/rdh-taxi.fr\/?page_id=2284\"]}]},{\"@type\":\"BreadcrumbList\",\"@id\":\"https:\/\/rdh-taxi.fr\/?page_id=2284#breadcrumb\",\"itemListElement\":[{\"@type\":\"ListItem\",\"position\":1,\"name\":\"Accueil\",\"item\":\"https:\/\/rdh-taxi.fr\/\"},{\"@type\":\"ListItem\",\"position\":2,\"name\":\"Mentions l\u00e9gales\"}]},{\"@type\":\"WebSite\",\"@id\":\"https:\/\/rdh-taxi.fr\/#website\",\"url\":\"https:\/\/rdh-taxi.fr\/\",\"name\":\"RDH Taxi Ambilly\",\"description\":\"Toujours l\u00e0 pour vous ...\",\"publisher\":{\"@id\":\"https:\/\/rdh-taxi.fr\/#organization\"},\"potentialAction\":[{\"@type\":\"SearchAction\",\"target\":{\"@type\":\"EntryPoint\",\"urlTemplate\":\"https:\/\/rdh-taxi.fr\/?s={search_term_string}\"},\"query-input\":\"required name=search_term_string\"}],\"inLanguage\":\"fr-FR\"},{\"@type\":\"Organization\",\"@id\":\"https:\/\/rdh-taxi.fr\/#organization\",\"name\":\"RDH Taxi Ambilly\",\"url\":\"https:\/\/rdh-taxi.fr\/\",\"logo\":{\"@type\":\"ImageObject\",\"inLanguage\":\"fr-FR\",\"@id\":\"https:\/\/rdh-taxi.fr\/#\/schema\/logo\/image\/\",\"url\":\"https:\/\/rdh-taxi.fr\/wp-content\/uploads\/2022\/09\/cropped-cropped-logo-rdh-site-1.png\",\"contentUrl\":\"https:\/\/rdh-taxi.fr\/wp-content\/uploads\/2022\/09\/cropped-cropped-logo-rdh-site-1.png\",\"width\":250,\"height\":250,\"caption\":\"RDH Taxi Ambilly\"},\"image\":{\"@id\":\"https:\/\/rdh-taxi.fr\/#\/schema\/logo\/image\/\"}}]}<\/script>\n<!-- \/ Yoast SEO plugin. -->","yoast_head_json":{"title":"Mentions l\u00e9gales - RDH Taxi Ambilly","robots":{"index":"index","follow":"follow","max-snippet":"max-snippet:-1","max-image-preview":"max-image-preview:large","max-video-preview":"max-video-preview:-1"},"canonical":"https:\/\/rdh-taxi.fr\/?page_id=2284","og_locale":"fr_FR","og_type":"article","og_title":"Mentions l\u00e9gales - RDH Taxi Ambilly","og_description":"Situ\u00e9e \u00e0 Ambilly, en Haute-Savoie, RDH Taxi est une soci\u00e9t\u00e9 sp\u00e9cialis\u00e9e dans les transports et l\u2019activit\u00e9 de taxi. Soci\u00e9t\u00e9 \u00e9ditrice Khalid Rhazri 8 Impasse des Cyclamens 74930 Scientrier N\u00b0 de SIREN : 834381485 N\u00b0 de SIRET : 83438148500012 T\u00e9l\u00e9phone : 06.68.53.02.65 E-mail : taxi.rdh@gmail.com R\u00e9alisation Entreprises du L\u00e9man E-mail : info@entreprisesduleman.com Web : www.entreprisesduleman.com URLS [&hellip;]","og_url":"https:\/\/rdh-taxi.fr\/?page_id=2284","og_site_name":"RDH Taxi Ambilly","article_modified_time":"2022-11-30T15:47:47+00:00","twitter_card":"summary_large_image","twitter_misc":{"Dur\u00e9e de lecture estim\u00e9e":"1 minute"},"schema":{"@context":"https:\/\/schema.org","@graph":[{"@type":"WebPage","@id":"https:\/\/rdh-taxi.fr\/?page_id=2284","url":"https:\/\/rdh-taxi.fr\/?page_id=2284","name":"Mentions l\u00e9gales - RDH Taxi Ambilly","isPartOf":{"@id":"https:\/\/rdh-taxi.fr\/#website"},"datePublished":"2022-10-20T08:08:16+00:00","dateModified":"2022-11-30T15:47:47+00:00","breadcrumb":{"@id":"https:\/\/rdh-taxi.fr\/?page_id=2284#breadcrumb"},"inLanguage":"fr-FR","potentialAction":[{"@type":"ReadAction","target":["https:\/\/rdh-taxi.fr\/?page_id=2284"]}]},{"@type":"BreadcrumbList","@id":"https:\/\/rdh-taxi.fr\/?page_id=2284#breadcrumb","itemListElement":[{"@type":"ListItem","position":1,"name":"Accueil","item":"https:\/\/rdh-taxi.fr\/"},{"@type":"ListItem","position":2,"name":"Mentions l\u00e9gales"}]},{"@type":"WebSite","@id":"https:\/\/rdh-taxi.fr\/#website","url":"https:\/\/rdh-taxi.fr\/","name":"RDH Taxi Ambilly","description":"Toujours l\u00e0 pour vous ...","publisher":{"@id":"https:\/\/rdh-taxi.fr\/#organization"},"potentialAction":[{"@type":"SearchAction","target":{"@type":"EntryPoint","urlTemplate":"https:\/\/rdh-taxi.fr\/?s={search_term_string}"},"query-input":"required name=search_term_string"}],"inLanguage":"fr-FR"},{"@type":"Organization","@id":"https:\/\/rdh-taxi.fr\/#organization","name":"RDH Taxi Ambilly","url":"https:\/\/rdh-taxi.fr\/","logo":{"@type":"ImageObject","inLanguage":"fr-FR","@id":"https:\/\/rdh-taxi.fr\/#\/schema\/logo\/image\/","url":"https:\/\/rdh-taxi.fr\/wp-content\/uploads\/2022\/09\/cropped-cropped-logo-rdh-site-1.png","contentUrl":"https:\/\/rdh-taxi.fr\/wp-content\/uploads\/2022\/09\/cropped-cropped-logo-rdh-site-1.png","width":250,"height":250,"caption":"RDH Taxi Ambilly"},"image":{"@id":"https:\/\/rdh-taxi.fr\/#\/schema\/logo\/image\/"}}]}},"_links":{"self":[{"href":"https:\/\/rdh-taxi.fr\/index.php?rest_route=\/wp\/v2\/pages\/2284","targetHints":{"allow":["GET"]}}],"collection":[{"href":"https:\/\/rdh-taxi.fr\/index.php?rest_route=\/wp\/v2\/pages"}],"about":[{"href":"https:\/\/rdh-taxi.fr\/index.php?rest_route=\/wp\/v2\/types\/page"}],"author":[{"embeddable":true,"href":"https:\/\/rdh-taxi.fr\/index.php?rest_route=\/wp\/v2\/users\/1"}],"replies":[{"embeddable":true,"href":"https:\/\/rdh-taxi.fr\/index.php?rest_route=%2Fwp%2Fv2%2Fcomments&post=2284"}],"version-history":[{"count":11,"href":"https:\/\/rdh-taxi.fr\/index.php?rest_route=\/wp\/v2\/pages\/2284\/revisions"}],"predecessor-version":[{"id":2699,"href":"https:\/\/rdh-taxi.fr\/index.php?rest_route=\/wp\/v2\/pages\/2284\/revisions\/2699"}],"wp:attachment":[{"href":"https:\/\/rdh-taxi.fr\/index.php?rest_route=%2Fwp%2Fv2%2Fmedia&parent=2284"}],"curies":[{"name":"wp","href":"https:\/\/api.w.org\/{rel}","templated":true}]}}