{"id":2477,"date":"2022-10-20T16:49:14","date_gmt":"2022-10-20T14:49:14","guid":{"rendered":"https:\/\/rdh-taxi.fr\/?page_id=2477"},"modified":"2022-10-20T16:51:08","modified_gmt":"2022-10-20T14:51:08","slug":"politique-de-confidentialite","status":"publish","type":"page","link":"https:\/\/rdh-taxi.fr\/?page_id=2477","title":{"rendered":"Politique de confidentialit\u00e9"},"content":{"rendered":"\t\t<div data-elementor-type=\"wp-page\" data-elementor-id=\"2477\" class=\"elementor elementor-2477\">\n\t\t\t\t\t\t\t\t\t<section class=\"elementor-section elementor-top-section elementor-element elementor-element-942f73c elementor-section-boxed elementor-section-height-default elementor-section-height-default\" data-id=\"942f73c\" data-element_type=\"section\">\n\t\t\t\t\t\t<div class=\"elementor-container elementor-column-gap-default\">\n\t\t\t\t\t<div class=\"elementor-column elementor-col-100 elementor-top-column elementor-element elementor-element-56fa075\" data-id=\"56fa075\" data-element_type=\"column\">\n\t\t\t<div class=\"elementor-widget-wrap elementor-element-populated\">\n\t\t\t\t\t\t\t\t<div class=\"elementor-element elementor-element-eb08e00 elementor-widget elementor-widget-text-editor\" data-id=\"eb08e00\" data-element_type=\"widget\" data-widget_type=\"text-editor.default\">\n\t\t\t\t<div class=\"elementor-widget-container\">\n\t\t\t<style>\/*! elementor - v3.14.0 - 26-06-2023 *\/\n.elementor-widget-text-editor.elementor-drop-cap-view-stacked .elementor-drop-cap{background-color:#69727d;color:#fff}.elementor-widget-text-editor.elementor-drop-cap-view-framed .elementor-drop-cap{color:#69727d;border:3px solid;background-color:transparent}.elementor-widget-text-editor:not(.elementor-drop-cap-view-default) .elementor-drop-cap{margin-top:8px}.elementor-widget-text-editor:not(.elementor-drop-cap-view-default) .elementor-drop-cap-letter{width:1em;height:1em}.elementor-widget-text-editor .elementor-drop-cap{float:left;text-align:center;line-height:1;font-size:50px}.elementor-widget-text-editor .elementor-drop-cap-letter{display:inline-block}<\/style>\t\t\t\t<b>Vie priv\u00e9e et cookies<\/b><br><br>\nComme la plupart des services en ligne, notre site web utilise des cookies internes et des cookies tiers \u00e0 plusieurs fins.\nLes cookies sont principalement n\u00e9cessaires au fonctionnement du site web et ne collectent aucune de vos donn\u00e9es personnelles identifiables.<br><br>\n\nLes cookies tiers utilis\u00e9s sur ce site web sont principalement utilis\u00e9s pour comprendre comment le site web fonctionne, comment vous interagissez avec notre site web et pour garder nos services en s\u00e9curit\u00e9.<br><br>\n\nCe site web peut utiliser des t\u00e9moins de connexion (cookies) \u00e0 des fins statistiques. Notamment afin d\u2019enregistrer toute information relative \u00e0 votre navigation sur le site, comme les pages consult\u00e9es ainsi que les dates et heures de consultation.\nTout internaute \u00e0 la possibilit\u00e9 de s\u2019opposer \u00e0 l\u2019enregistrement de ces informations en modifiant la configuration du navigateur qu\u2019il utilise.<br><br>\n\nLa responsabilit\u00e9 de prot\u00e9ger ses appareils de toute intrusion malveillante revient \u00e0 l\u2019utilisateur.\t\t\t\t\t\t<\/div>\n\t\t\t\t<\/div>\n\t\t\t\t\t<\/div>\n\t\t<\/div>\n\t\t\t\t\t\t\t<\/div>\n\t\t<\/section>\n\t\t\t\t\t\t\t<\/div>\n\t\t","protected":false},"excerpt":{"rendered":"<p>Vie priv\u00e9e et cookies Comme la plupart des services en ligne, notre site web utilise des cookies internes et des cookies tiers \u00e0 plusieurs fins. Les cookies sont principalement n\u00e9cessaires au fonctionnement du site web et ne collectent aucune de vos donn\u00e9es personnelles identifiables. Les cookies tiers utilis\u00e9s sur ce site web sont principalement utilis\u00e9s [&hellip;]<\/p>\n","protected":false},"author":1,"featured_media":0,"parent":0,"menu_order":0,"comment_status":"closed","ping_status":"closed","template":"","meta":{"footnotes":""},"class_list":["post-2477","page","type-page","status-publish","hentry"],"yoast_head":"<!-- This site is optimized with the Yoast SEO plugin v20.9 - https:\/\/yoast.com\/wordpress\/plugins\/seo\/ -->\n<title>Politique de confidentialit\u00e9 - RDH Taxi Ambilly<\/title>\n<meta name=\"robots\" content=\"index, follow, max-snippet:-1, max-image-preview:large, max-video-preview:-1\" \/>\n<link rel=\"canonical\" href=\"https:\/\/rdh-taxi.fr\/?page_id=2477\" \/>\n<meta property=\"og:locale\" content=\"fr_FR\" \/>\n<meta property=\"og:type\" content=\"article\" \/>\n<meta property=\"og:title\" content=\"Politique de confidentialit\u00e9 - RDH Taxi Ambilly\" \/>\n<meta property=\"og:description\" content=\"Vie priv\u00e9e et cookies Comme la plupart des services en ligne, notre site web utilise des cookies internes et des cookies tiers \u00e0 plusieurs fins. Les cookies sont principalement n\u00e9cessaires au fonctionnement du site web et ne collectent aucune de vos donn\u00e9es personnelles identifiables. Les cookies tiers utilis\u00e9s sur ce site web sont principalement utilis\u00e9s [&hellip;]\" \/>\n<meta property=\"og:url\" content=\"https:\/\/rdh-taxi.fr\/?page_id=2477\" \/>\n<meta property=\"og:site_name\" content=\"RDH Taxi Ambilly\" \/>\n<meta property=\"article:modified_time\" content=\"2022-10-20T14:51:08+00:00\" \/>\n<meta name=\"twitter:card\" content=\"summary_large_image\" \/>\n<meta name=\"twitter:label1\" content=\"Dur\u00e9e de lecture estim\u00e9e\" \/>\n\t<meta name=\"twitter:data1\" content=\"1 minute\" \/>\n<script type=\"application\/ld+json\" class=\"yoast-schema-graph\">{\"@context\":\"https:\/\/schema.org\",\"@graph\":[{\"@type\":\"WebPage\",\"@id\":\"https:\/\/rdh-taxi.fr\/?page_id=2477\",\"url\":\"https:\/\/rdh-taxi.fr\/?page_id=2477\",\"name\":\"Politique de confidentialit\u00e9 - RDH Taxi Ambilly\",\"isPartOf\":{\"@id\":\"https:\/\/rdh-taxi.fr\/#website\"},\"datePublished\":\"2022-10-20T14:49:14+00:00\",\"dateModified\":\"2022-10-20T14:51:08+00:00\",\"breadcrumb\":{\"@id\":\"https:\/\/rdh-taxi.fr\/?page_id=2477#breadcrumb\"},\"inLanguage\":\"fr-FR\",\"potentialAction\":[{\"@type\":\"ReadAction\",\"target\":[\"https:\/\/rdh-taxi.fr\/?page_id=2477\"]}]},{\"@type\":\"BreadcrumbList\",\"@id\":\"https:\/\/rdh-taxi.fr\/?page_id=2477#breadcrumb\",\"itemListElement\":[{\"@type\":\"ListItem\",\"position\":1,\"name\":\"Accueil\",\"item\":\"https:\/\/rdh-taxi.fr\/\"},{\"@type\":\"ListItem\",\"position\":2,\"name\":\"Politique de confidentialit\u00e9\"}]},{\"@type\":\"WebSite\",\"@id\":\"https:\/\/rdh-taxi.fr\/#website\",\"url\":\"https:\/\/rdh-taxi.fr\/\",\"name\":\"RDH Taxi Ambilly\",\"description\":\"Toujours l\u00e0 pour vous ...\",\"publisher\":{\"@id\":\"https:\/\/rdh-taxi.fr\/#organization\"},\"potentialAction\":[{\"@type\":\"SearchAction\",\"target\":{\"@type\":\"EntryPoint\",\"urlTemplate\":\"https:\/\/rdh-taxi.fr\/?s={search_term_string}\"},\"query-input\":\"required name=search_term_string\"}],\"inLanguage\":\"fr-FR\"},{\"@type\":\"Organization\",\"@id\":\"https:\/\/rdh-taxi.fr\/#organization\",\"name\":\"RDH Taxi Ambilly\",\"url\":\"https:\/\/rdh-taxi.fr\/\",\"logo\":{\"@type\":\"ImageObject\",\"inLanguage\":\"fr-FR\",\"@id\":\"https:\/\/rdh-taxi.fr\/#\/schema\/logo\/image\/\",\"url\":\"https:\/\/rdh-taxi.fr\/wp-content\/uploads\/2022\/09\/cropped-cropped-logo-rdh-site-1.png\",\"contentUrl\":\"https:\/\/rdh-taxi.fr\/wp-content\/uploads\/2022\/09\/cropped-cropped-logo-rdh-site-1.png\",\"width\":250,\"height\":250,\"caption\":\"RDH Taxi Ambilly\"},\"image\":{\"@id\":\"https:\/\/rdh-taxi.fr\/#\/schema\/logo\/image\/\"}}]}<\/script>\n<!-- \/ Yoast SEO plugin. -->","yoast_head_json":{"title":"Politique de confidentialit\u00e9 - RDH Taxi Ambilly","robots":{"index":"index","follow":"follow","max-snippet":"max-snippet:-1","max-image-preview":"max-image-preview:large","max-video-preview":"max-video-preview:-1"},"canonical":"https:\/\/rdh-taxi.fr\/?page_id=2477","og_locale":"fr_FR","og_type":"article","og_title":"Politique de confidentialit\u00e9 - RDH Taxi Ambilly","og_description":"Vie priv\u00e9e et cookies Comme la plupart des services en ligne, notre site web utilise des cookies internes et des cookies tiers \u00e0 plusieurs fins. Les cookies sont principalement n\u00e9cessaires au fonctionnement du site web et ne collectent aucune de vos donn\u00e9es personnelles identifiables. Les cookies tiers utilis\u00e9s sur ce site web sont principalement utilis\u00e9s [&hellip;]","og_url":"https:\/\/rdh-taxi.fr\/?page_id=2477","og_site_name":"RDH Taxi Ambilly","article_modified_time":"2022-10-20T14:51:08+00:00","twitter_card":"summary_large_image","twitter_misc":{"Dur\u00e9e de lecture estim\u00e9e":"1 minute"},"schema":{"@context":"https:\/\/schema.org","@graph":[{"@type":"WebPage","@id":"https:\/\/rdh-taxi.fr\/?page_id=2477","url":"https:\/\/rdh-taxi.fr\/?page_id=2477","name":"Politique de confidentialit\u00e9 - RDH Taxi Ambilly","isPartOf":{"@id":"https:\/\/rdh-taxi.fr\/#website"},"datePublished":"2022-10-20T14:49:14+00:00","dateModified":"2022-10-20T14:51:08+00:00","breadcrumb":{"@id":"https:\/\/rdh-taxi.fr\/?page_id=2477#breadcrumb"},"inLanguage":"fr-FR","potentialAction":[{"@type":"ReadAction","target":["https:\/\/rdh-taxi.fr\/?page_id=2477"]}]},{"@type":"BreadcrumbList","@id":"https:\/\/rdh-taxi.fr\/?page_id=2477#breadcrumb","itemListElement":[{"@type":"ListItem","position":1,"name":"Accueil","item":"https:\/\/rdh-taxi.fr\/"},{"@type":"ListItem","position":2,"name":"Politique de confidentialit\u00e9"}]},{"@type":"WebSite","@id":"https:\/\/rdh-taxi.fr\/#website","url":"https:\/\/rdh-taxi.fr\/","name":"RDH Taxi Ambilly","description":"Toujours l\u00e0 pour vous ...","publisher":{"@id":"https:\/\/rdh-taxi.fr\/#organization"},"potentialAction":[{"@type":"SearchAction","target":{"@type":"EntryPoint","urlTemplate":"https:\/\/rdh-taxi.fr\/?s={search_term_string}"},"query-input":"required name=search_term_string"}],"inLanguage":"fr-FR"},{"@type":"Organization","@id":"https:\/\/rdh-taxi.fr\/#organization","name":"RDH Taxi Ambilly","url":"https:\/\/rdh-taxi.fr\/","logo":{"@type":"ImageObject","inLanguage":"fr-FR","@id":"https:\/\/rdh-taxi.fr\/#\/schema\/logo\/image\/","url":"https:\/\/rdh-taxi.fr\/wp-content\/uploads\/2022\/09\/cropped-cropped-logo-rdh-site-1.png","contentUrl":"https:\/\/rdh-taxi.fr\/wp-content\/uploads\/2022\/09\/cropped-cropped-logo-rdh-site-1.png","width":250,"height":250,"caption":"RDH Taxi Ambilly"},"image":{"@id":"https:\/\/rdh-taxi.fr\/#\/schema\/logo\/image\/"}}]}},"_links":{"self":[{"href":"https:\/\/rdh-taxi.fr\/index.php?rest_route=\/wp\/v2\/pages\/2477","targetHints":{"allow":["GET"]}}],"collection":[{"href":"https:\/\/rdh-taxi.fr\/index.php?rest_route=\/wp\/v2\/pages"}],"about":[{"href":"https:\/\/rdh-taxi.fr\/index.php?rest_route=\/wp\/v2\/types\/page"}],"author":[{"embeddable":true,"href":"https:\/\/rdh-taxi.fr\/index.php?rest_route=\/wp\/v2\/users\/1"}],"replies":[{"embeddable":true,"href":"https:\/\/rdh-taxi.fr\/index.php?rest_route=%2Fwp%2Fv2%2Fcomments&post=2477"}],"version-history":[{"count":7,"href":"https:\/\/rdh-taxi.fr\/index.php?rest_route=\/wp\/v2\/pages\/2477\/revisions"}],"predecessor-version":[{"id":2484,"href":"https:\/\/rdh-taxi.fr\/index.php?rest_route=\/wp\/v2\/pages\/2477\/revisions\/2484"}],"wp:attachment":[{"href":"https:\/\/rdh-taxi.fr\/index.php?rest_route=%2Fwp%2Fv2%2Fmedia&parent=2477"}],"curies":[{"name":"wp","href":"https:\/\/api.w.org\/{rel}","templated":true}]}}